{"id":520,"date":"2024-02-29T13:03:38","date_gmt":"2024-02-29T12:03:38","guid":{"rendered":"https:\/\/www.treschl-architekten.de\/?page_id=520"},"modified":"2024-02-29T13:04:06","modified_gmt":"2024-02-29T12:04:06","slug":"vita","status":"publish","type":"page","link":"https:\/\/www.treschl-architekten.de\/?page_id=520","title":{"rendered":"Vita"},"content":{"rendered":"<div  class='flex_column av-av_one_fifth-41ee899840124b6993b57a87f996c353 av_one_fifth  avia-builder-el-0  el_before_av_three_fifth  avia-builder-el-first  first flex_column_div  '     ><\/div>\n<div  class='flex_column av-av_three_fifth-58a6369d5c19d308284fa729d91312fa av_three_fifth  avia-builder-el-1  el_after_av_one_fifth  avia-builder-el-last  flex_column_div  '     ><section  class='av_textblock_section av-lt76fvgc-0857fc9ce97fb00dde38d90d4827656c '   itemscope=\"itemscope\" itemtype=\"https:\/\/schema.org\/CreativeWork\" ><div class='avia_textblock'  itemprop=\"text\" ><p><b>Vita<\/b><\/p>\n<p><b>Architekturb\u00fcro J\u00fcrgen Treschl<\/b><\/p>\n<p><b>Dipl. Ing. freier Architekt<\/b><\/p>\n<p><b>1953 <\/b>geboren in D\u00fcsseldorf<\/p>\n<p><b>1985 <\/b>Diplom an der Universit\u00e4t Stuttgart<\/p>\n<p><b>1985-1988 <\/b>Mitarbeit in Architekturb\u00fcros im In- und Ausland<\/p>\n<p><b>1988 <\/b>Gr\u00fcndung des eigenen Architekturb\u00fcros in Stuttgart<\/p>\n<p><b>1989 <\/b>Lehrbeauftragter an der Universit\u00e4t Stuttgart f\u00fcr Baukonstruktion und<\/p>\n<p>Entwerfen<\/p>\n<p><b>1994 <\/b>Lehrbeauftragter an der Fachhochschule N\u00fcrtingen f\u00fcr St\u00e4dtebau<\/p>\n<p>und Entwerfen<\/p>\n<p><b>1995 <\/b>Eheschliessung mit der Architektin Rosely Treschl<\/p>\n<p><b>1998-2018 <\/b>Gemeinsame Projekte mit der Architektin Rosely Treschl<\/p>\n<p><b>2002 <\/b>Architekturb\u00fcro in Remshalden-Buoch<\/p>\n<\/div><\/section><\/div>\n","protected":false},"excerpt":{"rendered":"","protected":false},"author":2,"featured_media":0,"parent":0,"menu_order":0,"comment_status":"closed","ping_status":"closed","template":"","meta":{"footnotes":""},"class_list":["post-520","page","type-page","status-publish","hentry"],"_links":{"self":[{"href":"https:\/\/www.treschl-architekten.de\/index.php?rest_route=\/wp\/v2\/pages\/520","targetHints":{"allow":["GET"]}}],"collection":[{"href":"https:\/\/www.treschl-architekten.de\/index.php?rest_route=\/wp\/v2\/pages"}],"about":[{"href":"https:\/\/www.treschl-architekten.de\/index.php?rest_route=\/wp\/v2\/types\/page"}],"author":[{"embeddable":true,"href":"https:\/\/www.treschl-architekten.de\/index.php?rest_route=\/wp\/v2\/users\/2"}],"replies":[{"embeddable":true,"href":"https:\/\/www.treschl-architekten.de\/index.php?rest_route=%2Fwp%2Fv2%2Fcomments&post=520"}],"version-history":[{"count":2,"href":"https:\/\/www.treschl-architekten.de\/index.php?rest_route=\/wp\/v2\/pages\/520\/revisions"}],"predecessor-version":[{"id":522,"href":"https:\/\/www.treschl-architekten.de\/index.php?rest_route=\/wp\/v2\/pages\/520\/revisions\/522"}],"wp:attachment":[{"href":"https:\/\/www.treschl-architekten.de\/index.php?rest_route=%2Fwp%2Fv2%2Fmedia&parent=520"}],"curies":[{"name":"wp","href":"https:\/\/api.w.org\/{rel}","templated":true}]}}