{"id":475,"date":"2024-02-29T11:40:08","date_gmt":"2024-02-29T10:40:08","guid":{"rendered":"https:\/\/www.treschl-architekten.de\/?page_id=475"},"modified":"2024-02-29T11:40:08","modified_gmt":"2024-02-29T10:40:08","slug":"14b-4-familienhaus-in-waiblingen","status":"publish","type":"page","link":"https:\/\/www.treschl-architekten.de\/?page_id=475","title":{"rendered":"14b 4-Familienhaus in Waiblingen"},"content":{"rendered":"<div  class='flex_column av-av_three_fifth-41ee899840124b6993b57a87f996c353 av_three_fifth  avia-builder-el-0  el_before_av_two_fifth  avia-builder-el-first  first flex_column_div  '     ><div  class='avia-slideshow av-lt73f0bz-4306096b687a90593efe148d40d7f147 avia-slideshow-no scaling av_slideshow avia-slide-slider  avia-builder-el-1  avia-builder-el-no-sibling  av-slideshow-ui av-control-minimal av-control-minimal-dark av-no-slider-navigation av-slideshow-manual av-loop-once av-loop-manual-endless av-default-height-applied avia-slideshow-1' data-slideshow-options=\"{&quot;animation&quot;:&quot;slide&quot;,&quot;autoplay&quot;:false,&quot;loop_autoplay&quot;:&quot;once&quot;,&quot;interval&quot;:5,&quot;loop_manual&quot;:&quot;manual-endless&quot;,&quot;autoplay_stopper&quot;:false,&quot;noNavigation&quot;:false,&quot;bg_slider&quot;:false,&quot;keep_padding&quot;:false,&quot;hoverpause&quot;:false,&quot;show_slide_delay&quot;:0}\"  itemprop=\"image\" itemscope=\"itemscope\" itemtype=\"https:\/\/schema.org\/ImageObject\" ><ul class='avia-slideshow-inner ' style='padding-bottom: 75%;'><li  class='avia-slideshow-slide av-lt73f0bz-4306096b687a90593efe148d40d7f147__0  slide-1 slide-odd'><div data-rel='slideshow-1' class='avia-slide-wrap '   ><img decoding=\"async\" fetchpriority=\"high\" class=\"wp-image-297 avia-img-lazy-loading-not-297\"  src=\"https:\/\/www.treschl-architekten.de\/wp-content\/uploads\/2024\/02\/14-Familienhaus-in-Waiblingen-01.jpg\" width=\"2272\" height=\"1704\" title='4-Familienhaus in Waiblingen' alt=''  itemprop=\"thumbnailUrl\" srcset=\"https:\/\/www.treschl-architekten.de\/wp-content\/uploads\/2024\/02\/14-Familienhaus-in-Waiblingen-01.jpg 2272w, https:\/\/www.treschl-architekten.de\/wp-content\/uploads\/2024\/02\/14-Familienhaus-in-Waiblingen-01-300x225.jpg 300w, https:\/\/www.treschl-architekten.de\/wp-content\/uploads\/2024\/02\/14-Familienhaus-in-Waiblingen-01-1030x773.jpg 1030w, https:\/\/www.treschl-architekten.de\/wp-content\/uploads\/2024\/02\/14-Familienhaus-in-Waiblingen-01-768x576.jpg 768w, https:\/\/www.treschl-architekten.de\/wp-content\/uploads\/2024\/02\/14-Familienhaus-in-Waiblingen-01-1536x1152.jpg 1536w, https:\/\/www.treschl-architekten.de\/wp-content\/uploads\/2024\/02\/14-Familienhaus-in-Waiblingen-01-2048x1536.jpg 2048w, https:\/\/www.treschl-architekten.de\/wp-content\/uploads\/2024\/02\/14-Familienhaus-in-Waiblingen-01-1500x1125.jpg 1500w, https:\/\/www.treschl-architekten.de\/wp-content\/uploads\/2024\/02\/14-Familienhaus-in-Waiblingen-01-705x529.jpg 705w\" sizes=\"(max-width: 2272px) 100vw, 2272px\" \/><\/div><\/li><li  class='avia-slideshow-slide av-lt73f0bz-4306096b687a90593efe148d40d7f147__1  slide-2 slide-even'><div data-rel='slideshow-1' class='avia-slide-wrap '   ><img decoding=\"async\" fetchpriority=\"high\" class=\"wp-image-298 avia-img-lazy-loading-not-298\"  src=\"https:\/\/www.treschl-architekten.de\/wp-content\/uploads\/2024\/02\/14-Familienhaus-in-Waiblingen-02.jpg\" width=\"1704\" height=\"2272\" title='4-Familienhaus in Waiblingen' alt=''  itemprop=\"thumbnailUrl\" srcset=\"https:\/\/www.treschl-architekten.de\/wp-content\/uploads\/2024\/02\/14-Familienhaus-in-Waiblingen-02.jpg 1704w, https:\/\/www.treschl-architekten.de\/wp-content\/uploads\/2024\/02\/14-Familienhaus-in-Waiblingen-02-225x300.jpg 225w, https:\/\/www.treschl-architekten.de\/wp-content\/uploads\/2024\/02\/14-Familienhaus-in-Waiblingen-02-773x1030.jpg 773w, https:\/\/www.treschl-architekten.de\/wp-content\/uploads\/2024\/02\/14-Familienhaus-in-Waiblingen-02-768x1024.jpg 768w, https:\/\/www.treschl-architekten.de\/wp-content\/uploads\/2024\/02\/14-Familienhaus-in-Waiblingen-02-1152x1536.jpg 1152w, https:\/\/www.treschl-architekten.de\/wp-content\/uploads\/2024\/02\/14-Familienhaus-in-Waiblingen-02-1536x2048.jpg 1536w, https:\/\/www.treschl-architekten.de\/wp-content\/uploads\/2024\/02\/14-Familienhaus-in-Waiblingen-02-1125x1500.jpg 1125w, https:\/\/www.treschl-architekten.de\/wp-content\/uploads\/2024\/02\/14-Familienhaus-in-Waiblingen-02-529x705.jpg 529w\" sizes=\"(max-width: 1704px) 100vw, 1704px\" \/><\/div><\/li><li  class='avia-slideshow-slide av-lt73f0bz-4306096b687a90593efe148d40d7f147__2  slide-3 slide-odd'><div data-rel='slideshow-1' class='avia-slide-wrap '   ><img decoding=\"async\" fetchpriority=\"high\" class=\"wp-image-299 avia-img-lazy-loading-not-299\"  src=\"https:\/\/www.treschl-architekten.de\/wp-content\/uploads\/2024\/02\/14-Familienhaus-in-Waiblingen-03.jpg\" width=\"1704\" height=\"2272\" title='4-Familienhaus in Waiblingen' alt=''  itemprop=\"thumbnailUrl\" srcset=\"https:\/\/www.treschl-architekten.de\/wp-content\/uploads\/2024\/02\/14-Familienhaus-in-Waiblingen-03.jpg 1704w, https:\/\/www.treschl-architekten.de\/wp-content\/uploads\/2024\/02\/14-Familienhaus-in-Waiblingen-03-225x300.jpg 225w, https:\/\/www.treschl-architekten.de\/wp-content\/uploads\/2024\/02\/14-Familienhaus-in-Waiblingen-03-773x1030.jpg 773w, https:\/\/www.treschl-architekten.de\/wp-content\/uploads\/2024\/02\/14-Familienhaus-in-Waiblingen-03-768x1024.jpg 768w, https:\/\/www.treschl-architekten.de\/wp-content\/uploads\/2024\/02\/14-Familienhaus-in-Waiblingen-03-1152x1536.jpg 1152w, https:\/\/www.treschl-architekten.de\/wp-content\/uploads\/2024\/02\/14-Familienhaus-in-Waiblingen-03-1536x2048.jpg 1536w, https:\/\/www.treschl-architekten.de\/wp-content\/uploads\/2024\/02\/14-Familienhaus-in-Waiblingen-03-1125x1500.jpg 1125w, https:\/\/www.treschl-architekten.de\/wp-content\/uploads\/2024\/02\/14-Familienhaus-in-Waiblingen-03-529x705.jpg 529w\" sizes=\"(max-width: 1704px) 100vw, 1704px\" \/><\/div><\/li><li  class='avia-slideshow-slide av-lt73f0bz-4306096b687a90593efe148d40d7f147__3  slide-4 slide-even'><div data-rel='slideshow-1' class='avia-slide-wrap '   ><img decoding=\"async\" fetchpriority=\"high\" class=\"wp-image-300 avia-img-lazy-loading-not-300\"  src=\"https:\/\/www.treschl-architekten.de\/wp-content\/uploads\/2024\/02\/14-Familienhaus-in-Waiblingen-04.jpg\" width=\"1704\" height=\"2272\" title='4-Familienhaus in Waiblingen' alt=''  itemprop=\"thumbnailUrl\" srcset=\"https:\/\/www.treschl-architekten.de\/wp-content\/uploads\/2024\/02\/14-Familienhaus-in-Waiblingen-04.jpg 1704w, https:\/\/www.treschl-architekten.de\/wp-content\/uploads\/2024\/02\/14-Familienhaus-in-Waiblingen-04-225x300.jpg 225w, https:\/\/www.treschl-architekten.de\/wp-content\/uploads\/2024\/02\/14-Familienhaus-in-Waiblingen-04-773x1030.jpg 773w, https:\/\/www.treschl-architekten.de\/wp-content\/uploads\/2024\/02\/14-Familienhaus-in-Waiblingen-04-768x1024.jpg 768w, https:\/\/www.treschl-architekten.de\/wp-content\/uploads\/2024\/02\/14-Familienhaus-in-Waiblingen-04-1152x1536.jpg 1152w, https:\/\/www.treschl-architekten.de\/wp-content\/uploads\/2024\/02\/14-Familienhaus-in-Waiblingen-04-1536x2048.jpg 1536w, https:\/\/www.treschl-architekten.de\/wp-content\/uploads\/2024\/02\/14-Familienhaus-in-Waiblingen-04-1125x1500.jpg 1125w, https:\/\/www.treschl-architekten.de\/wp-content\/uploads\/2024\/02\/14-Familienhaus-in-Waiblingen-04-529x705.jpg 529w\" sizes=\"(max-width: 1704px) 100vw, 1704px\" \/><\/div><\/li><li  class='avia-slideshow-slide av-lt73f0bz-4306096b687a90593efe148d40d7f147__4  slide-5 slide-odd'><div data-rel='slideshow-1' class='avia-slide-wrap '   ><img decoding=\"async\" fetchpriority=\"high\" class=\"wp-image-301 avia-img-lazy-loading-not-301\"  src=\"https:\/\/www.treschl-architekten.de\/wp-content\/uploads\/2024\/02\/14-Familienhaus-in-Waiblingen-05.jpg\" width=\"2272\" height=\"1704\" title='4-Familienhaus in Waiblingen' alt=''  itemprop=\"thumbnailUrl\" srcset=\"https:\/\/www.treschl-architekten.de\/wp-content\/uploads\/2024\/02\/14-Familienhaus-in-Waiblingen-05.jpg 2272w, https:\/\/www.treschl-architekten.de\/wp-content\/uploads\/2024\/02\/14-Familienhaus-in-Waiblingen-05-300x225.jpg 300w, https:\/\/www.treschl-architekten.de\/wp-content\/uploads\/2024\/02\/14-Familienhaus-in-Waiblingen-05-1030x773.jpg 1030w, https:\/\/www.treschl-architekten.de\/wp-content\/uploads\/2024\/02\/14-Familienhaus-in-Waiblingen-05-768x576.jpg 768w, https:\/\/www.treschl-architekten.de\/wp-content\/uploads\/2024\/02\/14-Familienhaus-in-Waiblingen-05-1536x1152.jpg 1536w, https:\/\/www.treschl-architekten.de\/wp-content\/uploads\/2024\/02\/14-Familienhaus-in-Waiblingen-05-2048x1536.jpg 2048w, https:\/\/www.treschl-architekten.de\/wp-content\/uploads\/2024\/02\/14-Familienhaus-in-Waiblingen-05-1500x1125.jpg 1500w, https:\/\/www.treschl-architekten.de\/wp-content\/uploads\/2024\/02\/14-Familienhaus-in-Waiblingen-05-705x529.jpg 705w\" sizes=\"(max-width: 2272px) 100vw, 2272px\" \/><\/div><\/li><\/ul><div class='avia-slideshow-arrows avia-slideshow-controls' ><a href='#prev' class='prev-slide ' aria-hidden='true' data-av_icon='\ue87c' data-av_iconfont='entypo-fontello'  tabindex='-1'>Previous<\/a><a href='#next' class='next-slide ' aria-hidden='true' data-av_icon='\ue87d' data-av_iconfont='entypo-fontello'  tabindex='-1'>Next<\/a><\/div><\/div><\/div><div  class='flex_column av-av_two_fifth-58a6369d5c19d308284fa729d91312fa av_two_fifth  avia-builder-el-2  el_after_av_three_fifth  avia-builder-el-last  flex_column_div  '     ><section  class='av_textblock_section av-lt73fhiv-e4dab775e48718213f8f4190bf9b9496 '   itemscope=\"itemscope\" itemtype=\"https:\/\/schema.org\/CreativeWork\" ><div class='avia_textblock'  itemprop=\"text\" ><p style=\"text-align: center;\"><a href=\"https:\/\/www.treschl-architekten.de\/?page_id=473\">Information ausblenden<\/a><\/p>\n<h5 style=\"text-align: center;\">Wohnen mit Anspruch<\/h5>\n<\/div><\/section><br \/>\n\n<style type=\"text\/css\" data-created_by=\"avia_inline_auto\" id=\"style-css-av-av_hr-3a876428eececa9d35452247ddb053af\">\n#top .hr.hr-invisible.av-av_hr-3a876428eececa9d35452247ddb053af{\nheight:50px;\n}\n<\/style>\n<div  class='hr av-av_hr-3a876428eececa9d35452247ddb053af hr-invisible  avia-builder-el-4  el_after_av_textblock  el_before_av_textblock '><span class='hr-inner '><span class=\"hr-inner-style\"><\/span><\/span><\/div><br \/>\n<section  class='av_textblock_section av-lt73ggir-fbdabc02fd57c0b0573502ca8da5e3a4 '   itemscope=\"itemscope\" itemtype=\"https:\/\/schema.org\/CreativeWork\" ><div class='avia_textblock'  itemprop=\"text\" ><p>In einem gewachsenen Wohngebiet der 50er Jahre in Waiblingen galt es, im Auftrage eines Bautr\u00e4gers ein Geb\u00e4ude mit 4 Wohneinheiten unter strengen finanzielle Vorgaben zu erstellen. Durch geschickte Ausn\u00fctzung der Bebauungsplanvorgaben konnte ein Maximum an Wohnfl\u00e4che gebaut werden, ohne auf architektonische Qualit\u00e4t verzichten zu m\u00fcssen.<br \/>\nDer Neubau nimmt die charakteristischen Merkmale der Nachbarbebauung auf, interpretiert sie jedoch neu und f\u00fchrt so zu einer eigenst\u00e4ndigen Architektur.<\/p>\n<\/div><\/section><\/p><\/div><\/p>\n","protected":false},"excerpt":{"rendered":"","protected":false},"author":2,"featured_media":0,"parent":0,"menu_order":0,"comment_status":"closed","ping_status":"closed","template":"","meta":{"footnotes":""},"class_list":["post-475","page","type-page","status-publish","hentry"],"_links":{"self":[{"href":"https:\/\/www.treschl-architekten.de\/index.php?rest_route=\/wp\/v2\/pages\/475","targetHints":{"allow":["GET"]}}],"collection":[{"href":"https:\/\/www.treschl-architekten.de\/index.php?rest_route=\/wp\/v2\/pages"}],"about":[{"href":"https:\/\/www.treschl-architekten.de\/index.php?rest_route=\/wp\/v2\/types\/page"}],"author":[{"embeddable":true,"href":"https:\/\/www.treschl-architekten.de\/index.php?rest_route=\/wp\/v2\/users\/2"}],"replies":[{"embeddable":true,"href":"https:\/\/www.treschl-architekten.de\/index.php?rest_route=%2Fwp%2Fv2%2Fcomments&post=475"}],"version-history":[{"count":1,"href":"https:\/\/www.treschl-architekten.de\/index.php?rest_route=\/wp\/v2\/pages\/475\/revisions"}],"predecessor-version":[{"id":476,"href":"https:\/\/www.treschl-architekten.de\/index.php?rest_route=\/wp\/v2\/pages\/475\/revisions\/476"}],"wp:attachment":[{"href":"https:\/\/www.treschl-architekten.de\/index.php?rest_route=%2Fwp%2Fv2%2Fmedia&parent=475"}],"curies":[{"name":"wp","href":"https:\/\/api.w.org\/{rel}","templated":true}]}}