{"id":470,"date":"2024-02-29T11:34:53","date_gmt":"2024-02-29T10:34:53","guid":{"rendered":"https:\/\/www.treschl-architekten.de\/?page_id=470"},"modified":"2024-02-29T11:34:53","modified_gmt":"2024-02-29T10:34:53","slug":"13b-3-familienhaus-f","status":"publish","type":"page","link":"https:\/\/www.treschl-architekten.de\/?page_id=470","title":{"rendered":"13b 3-Familienhaus F"},"content":{"rendered":"<div  class='flex_column av-av_three_fifth-41ee899840124b6993b57a87f996c353 av_three_fifth  avia-builder-el-0  el_before_av_two_fifth  avia-builder-el-first  first flex_column_div  '     ><div  class='avia-slideshow av-lt737qjl-b4606c97886cb0c3cdaca7f82d1e4b2f avia-slideshow-no scaling av_slideshow avia-slide-slider  avia-builder-el-1  avia-builder-el-no-sibling  av-slideshow-ui av-control-minimal av-control-minimal-dark av-no-slider-navigation av-slideshow-manual av-loop-once av-loop-manual-endless av-default-height-applied avia-slideshow-1' data-slideshow-options=\"{&quot;animation&quot;:&quot;slide&quot;,&quot;autoplay&quot;:false,&quot;loop_autoplay&quot;:&quot;once&quot;,&quot;interval&quot;:5,&quot;loop_manual&quot;:&quot;manual-endless&quot;,&quot;autoplay_stopper&quot;:false,&quot;noNavigation&quot;:false,&quot;bg_slider&quot;:false,&quot;keep_padding&quot;:false,&quot;hoverpause&quot;:false,&quot;show_slide_delay&quot;:0}\"  itemprop=\"image\" itemscope=\"itemscope\" itemtype=\"https:\/\/schema.org\/ImageObject\" ><ul class='avia-slideshow-inner ' style='padding-bottom: 100%;'><li  class='avia-slideshow-slide av-lt737qjl-b4606c97886cb0c3cdaca7f82d1e4b2f__0  slide-1 slide-odd'><div data-rel='slideshow-1' class='avia-slide-wrap '   ><img decoding=\"async\" fetchpriority=\"high\" class=\"wp-image-287 avia-img-lazy-loading-not-287\"  src=\"https:\/\/www.treschl-architekten.de\/wp-content\/uploads\/2024\/02\/13-Familienhaus-F-01.jpg\" width=\"2160\" height=\"2160\" title='3-Familienhaus F in Stuttgart-Uhlbach' alt=''  itemprop=\"thumbnailUrl\" srcset=\"https:\/\/www.treschl-architekten.de\/wp-content\/uploads\/2024\/02\/13-Familienhaus-F-01.jpg 2160w, https:\/\/www.treschl-architekten.de\/wp-content\/uploads\/2024\/02\/13-Familienhaus-F-01-300x300.jpg 300w, https:\/\/www.treschl-architekten.de\/wp-content\/uploads\/2024\/02\/13-Familienhaus-F-01-1030x1030.jpg 1030w, https:\/\/www.treschl-architekten.de\/wp-content\/uploads\/2024\/02\/13-Familienhaus-F-01-80x80.jpg 80w, https:\/\/www.treschl-architekten.de\/wp-content\/uploads\/2024\/02\/13-Familienhaus-F-01-768x768.jpg 768w, https:\/\/www.treschl-architekten.de\/wp-content\/uploads\/2024\/02\/13-Familienhaus-F-01-1536x1536.jpg 1536w, https:\/\/www.treschl-architekten.de\/wp-content\/uploads\/2024\/02\/13-Familienhaus-F-01-2048x2048.jpg 2048w, https:\/\/www.treschl-architekten.de\/wp-content\/uploads\/2024\/02\/13-Familienhaus-F-01-36x36.jpg 36w, https:\/\/www.treschl-architekten.de\/wp-content\/uploads\/2024\/02\/13-Familienhaus-F-01-180x180.jpg 180w, https:\/\/www.treschl-architekten.de\/wp-content\/uploads\/2024\/02\/13-Familienhaus-F-01-1500x1500.jpg 1500w, https:\/\/www.treschl-architekten.de\/wp-content\/uploads\/2024\/02\/13-Familienhaus-F-01-705x705.jpg 705w\" sizes=\"(max-width: 2160px) 100vw, 2160px\" \/><\/div><\/li><li  class='avia-slideshow-slide av-lt737qjl-b4606c97886cb0c3cdaca7f82d1e4b2f__1  slide-2 slide-even'><div data-rel='slideshow-1' class='avia-slide-wrap '   ><img decoding=\"async\" fetchpriority=\"high\" class=\"wp-image-288 avia-img-lazy-loading-not-288\"  src=\"https:\/\/www.treschl-architekten.de\/wp-content\/uploads\/2024\/02\/13-Familienhaus-F-02-scaled.jpg\" width=\"2560\" height=\"1473\" title='3-Familienhaus F in Stuttgart-Uhlbach' alt=''  itemprop=\"thumbnailUrl\" srcset=\"https:\/\/www.treschl-architekten.de\/wp-content\/uploads\/2024\/02\/13-Familienhaus-F-02-scaled.jpg 2560w, https:\/\/www.treschl-architekten.de\/wp-content\/uploads\/2024\/02\/13-Familienhaus-F-02-300x173.jpg 300w, https:\/\/www.treschl-architekten.de\/wp-content\/uploads\/2024\/02\/13-Familienhaus-F-02-1030x593.jpg 1030w, https:\/\/www.treschl-architekten.de\/wp-content\/uploads\/2024\/02\/13-Familienhaus-F-02-768x442.jpg 768w, https:\/\/www.treschl-architekten.de\/wp-content\/uploads\/2024\/02\/13-Familienhaus-F-02-1536x884.jpg 1536w, https:\/\/www.treschl-architekten.de\/wp-content\/uploads\/2024\/02\/13-Familienhaus-F-02-2048x1179.jpg 2048w, https:\/\/www.treschl-architekten.de\/wp-content\/uploads\/2024\/02\/13-Familienhaus-F-02-1500x863.jpg 1500w, https:\/\/www.treschl-architekten.de\/wp-content\/uploads\/2024\/02\/13-Familienhaus-F-02-705x406.jpg 705w\" sizes=\"(max-width: 2560px) 100vw, 2560px\" \/><\/div><\/li><li  class='avia-slideshow-slide av-lt737qjl-b4606c97886cb0c3cdaca7f82d1e4b2f__2  slide-3 slide-odd'><div data-rel='slideshow-1' class='avia-slide-wrap '   ><img decoding=\"async\" fetchpriority=\"high\" class=\"wp-image-289 avia-img-lazy-loading-not-289\"  src=\"https:\/\/www.treschl-architekten.de\/wp-content\/uploads\/2024\/02\/13-Familienhaus-F-03-scaled.jpg\" width=\"2560\" height=\"1360\" title='3-Familienhaus F in Stuttgart-Uhlbach' alt=''  itemprop=\"thumbnailUrl\" srcset=\"https:\/\/www.treschl-architekten.de\/wp-content\/uploads\/2024\/02\/13-Familienhaus-F-03-scaled.jpg 2560w, https:\/\/www.treschl-architekten.de\/wp-content\/uploads\/2024\/02\/13-Familienhaus-F-03-300x159.jpg 300w, https:\/\/www.treschl-architekten.de\/wp-content\/uploads\/2024\/02\/13-Familienhaus-F-03-1030x547.jpg 1030w, https:\/\/www.treschl-architekten.de\/wp-content\/uploads\/2024\/02\/13-Familienhaus-F-03-768x408.jpg 768w, https:\/\/www.treschl-architekten.de\/wp-content\/uploads\/2024\/02\/13-Familienhaus-F-03-1536x816.jpg 1536w, https:\/\/www.treschl-architekten.de\/wp-content\/uploads\/2024\/02\/13-Familienhaus-F-03-2048x1088.jpg 2048w, https:\/\/www.treschl-architekten.de\/wp-content\/uploads\/2024\/02\/13-Familienhaus-F-03-1500x797.jpg 1500w, https:\/\/www.treschl-architekten.de\/wp-content\/uploads\/2024\/02\/13-Familienhaus-F-03-705x375.jpg 705w\" sizes=\"(max-width: 2560px) 100vw, 2560px\" \/><\/div><\/li><li  class='avia-slideshow-slide av-lt737qjl-b4606c97886cb0c3cdaca7f82d1e4b2f__3  slide-4 slide-even'><div data-rel='slideshow-1' class='avia-slide-wrap '   ><img decoding=\"async\" fetchpriority=\"high\" class=\"wp-image-290 avia-img-lazy-loading-not-290\"  src=\"https:\/\/www.treschl-architekten.de\/wp-content\/uploads\/2024\/02\/13-Familienhaus-F-04-scaled.jpg\" width=\"2560\" height=\"1920\" title='3-Familienhaus F in Stuttgart-Uhlbach' alt=''  itemprop=\"thumbnailUrl\" srcset=\"https:\/\/www.treschl-architekten.de\/wp-content\/uploads\/2024\/02\/13-Familienhaus-F-04-scaled.jpg 2560w, https:\/\/www.treschl-architekten.de\/wp-content\/uploads\/2024\/02\/13-Familienhaus-F-04-300x225.jpg 300w, https:\/\/www.treschl-architekten.de\/wp-content\/uploads\/2024\/02\/13-Familienhaus-F-04-1030x772.jpg 1030w, https:\/\/www.treschl-architekten.de\/wp-content\/uploads\/2024\/02\/13-Familienhaus-F-04-768x576.jpg 768w, https:\/\/www.treschl-architekten.de\/wp-content\/uploads\/2024\/02\/13-Familienhaus-F-04-1536x1152.jpg 1536w, https:\/\/www.treschl-architekten.de\/wp-content\/uploads\/2024\/02\/13-Familienhaus-F-04-2048x1536.jpg 2048w, https:\/\/www.treschl-architekten.de\/wp-content\/uploads\/2024\/02\/13-Familienhaus-F-04-1500x1125.jpg 1500w, https:\/\/www.treschl-architekten.de\/wp-content\/uploads\/2024\/02\/13-Familienhaus-F-04-705x529.jpg 705w\" sizes=\"(max-width: 2560px) 100vw, 2560px\" \/><\/div><\/li><li  class='avia-slideshow-slide av-lt737qjl-b4606c97886cb0c3cdaca7f82d1e4b2f__4  slide-5 slide-odd'><div data-rel='slideshow-1' class='avia-slide-wrap '   ><img decoding=\"async\" fetchpriority=\"high\" class=\"wp-image-291 avia-img-lazy-loading-not-291\"  src=\"https:\/\/www.treschl-architekten.de\/wp-content\/uploads\/2024\/02\/13-Familienhaus-F-05.jpg\" width=\"2160\" height=\"2160\" title='3-Familienhaus F in Stuttgart-Uhlbach' alt=''  itemprop=\"thumbnailUrl\" srcset=\"https:\/\/www.treschl-architekten.de\/wp-content\/uploads\/2024\/02\/13-Familienhaus-F-05.jpg 2160w, https:\/\/www.treschl-architekten.de\/wp-content\/uploads\/2024\/02\/13-Familienhaus-F-05-300x300.jpg 300w, https:\/\/www.treschl-architekten.de\/wp-content\/uploads\/2024\/02\/13-Familienhaus-F-05-1030x1030.jpg 1030w, https:\/\/www.treschl-architekten.de\/wp-content\/uploads\/2024\/02\/13-Familienhaus-F-05-80x80.jpg 80w, https:\/\/www.treschl-architekten.de\/wp-content\/uploads\/2024\/02\/13-Familienhaus-F-05-768x768.jpg 768w, https:\/\/www.treschl-architekten.de\/wp-content\/uploads\/2024\/02\/13-Familienhaus-F-05-1536x1536.jpg 1536w, https:\/\/www.treschl-architekten.de\/wp-content\/uploads\/2024\/02\/13-Familienhaus-F-05-2048x2048.jpg 2048w, https:\/\/www.treschl-architekten.de\/wp-content\/uploads\/2024\/02\/13-Familienhaus-F-05-36x36.jpg 36w, https:\/\/www.treschl-architekten.de\/wp-content\/uploads\/2024\/02\/13-Familienhaus-F-05-180x180.jpg 180w, https:\/\/www.treschl-architekten.de\/wp-content\/uploads\/2024\/02\/13-Familienhaus-F-05-1500x1500.jpg 1500w, https:\/\/www.treschl-architekten.de\/wp-content\/uploads\/2024\/02\/13-Familienhaus-F-05-705x705.jpg 705w\" sizes=\"(max-width: 2160px) 100vw, 2160px\" \/><\/div><\/li><li  class='avia-slideshow-slide av-lt737qjl-b4606c97886cb0c3cdaca7f82d1e4b2f__5  slide-6 slide-even'><div data-rel='slideshow-1' class='avia-slide-wrap '   ><img decoding=\"async\" fetchpriority=\"high\" class=\"wp-image-292 avia-img-lazy-loading-not-292\"  src=\"https:\/\/www.treschl-architekten.de\/wp-content\/uploads\/2024\/02\/13-Familienhaus-F-06.jpg\" width=\"2160\" height=\"2160\" title='3-Familienhaus F in Stuttgart-Uhlbach' alt=''  itemprop=\"thumbnailUrl\" srcset=\"https:\/\/www.treschl-architekten.de\/wp-content\/uploads\/2024\/02\/13-Familienhaus-F-06.jpg 2160w, https:\/\/www.treschl-architekten.de\/wp-content\/uploads\/2024\/02\/13-Familienhaus-F-06-300x300.jpg 300w, https:\/\/www.treschl-architekten.de\/wp-content\/uploads\/2024\/02\/13-Familienhaus-F-06-1030x1030.jpg 1030w, https:\/\/www.treschl-architekten.de\/wp-content\/uploads\/2024\/02\/13-Familienhaus-F-06-80x80.jpg 80w, https:\/\/www.treschl-architekten.de\/wp-content\/uploads\/2024\/02\/13-Familienhaus-F-06-768x768.jpg 768w, https:\/\/www.treschl-architekten.de\/wp-content\/uploads\/2024\/02\/13-Familienhaus-F-06-1536x1536.jpg 1536w, https:\/\/www.treschl-architekten.de\/wp-content\/uploads\/2024\/02\/13-Familienhaus-F-06-2048x2048.jpg 2048w, https:\/\/www.treschl-architekten.de\/wp-content\/uploads\/2024\/02\/13-Familienhaus-F-06-36x36.jpg 36w, https:\/\/www.treschl-architekten.de\/wp-content\/uploads\/2024\/02\/13-Familienhaus-F-06-180x180.jpg 180w, https:\/\/www.treschl-architekten.de\/wp-content\/uploads\/2024\/02\/13-Familienhaus-F-06-1500x1500.jpg 1500w, https:\/\/www.treschl-architekten.de\/wp-content\/uploads\/2024\/02\/13-Familienhaus-F-06-705x705.jpg 705w\" sizes=\"(max-width: 2160px) 100vw, 2160px\" \/><\/div><\/li><li  class='avia-slideshow-slide av-lt737qjl-b4606c97886cb0c3cdaca7f82d1e4b2f__6  slide-7 slide-odd'><div data-rel='slideshow-1' class='avia-slide-wrap '   ><img decoding=\"async\" fetchpriority=\"high\" class=\"wp-image-293 avia-img-lazy-loading-not-293\"  src=\"https:\/\/www.treschl-architekten.de\/wp-content\/uploads\/2024\/02\/13-Familienhaus-F-07.jpg\" width=\"2160\" height=\"2160\" title='3-Familienhaus F in Stuttgart-Uhlbach' alt=''  itemprop=\"thumbnailUrl\" srcset=\"https:\/\/www.treschl-architekten.de\/wp-content\/uploads\/2024\/02\/13-Familienhaus-F-07.jpg 2160w, https:\/\/www.treschl-architekten.de\/wp-content\/uploads\/2024\/02\/13-Familienhaus-F-07-300x300.jpg 300w, https:\/\/www.treschl-architekten.de\/wp-content\/uploads\/2024\/02\/13-Familienhaus-F-07-1030x1030.jpg 1030w, https:\/\/www.treschl-architekten.de\/wp-content\/uploads\/2024\/02\/13-Familienhaus-F-07-80x80.jpg 80w, https:\/\/www.treschl-architekten.de\/wp-content\/uploads\/2024\/02\/13-Familienhaus-F-07-768x768.jpg 768w, https:\/\/www.treschl-architekten.de\/wp-content\/uploads\/2024\/02\/13-Familienhaus-F-07-1536x1536.jpg 1536w, https:\/\/www.treschl-architekten.de\/wp-content\/uploads\/2024\/02\/13-Familienhaus-F-07-2048x2048.jpg 2048w, https:\/\/www.treschl-architekten.de\/wp-content\/uploads\/2024\/02\/13-Familienhaus-F-07-36x36.jpg 36w, https:\/\/www.treschl-architekten.de\/wp-content\/uploads\/2024\/02\/13-Familienhaus-F-07-180x180.jpg 180w, https:\/\/www.treschl-architekten.de\/wp-content\/uploads\/2024\/02\/13-Familienhaus-F-07-1500x1500.jpg 1500w, https:\/\/www.treschl-architekten.de\/wp-content\/uploads\/2024\/02\/13-Familienhaus-F-07-705x705.jpg 705w\" sizes=\"(max-width: 2160px) 100vw, 2160px\" \/><\/div><\/li><li  class='avia-slideshow-slide av-lt737qjl-b4606c97886cb0c3cdaca7f82d1e4b2f__7  slide-8 slide-even'><div data-rel='slideshow-1' class='avia-slide-wrap '   ><img decoding=\"async\" fetchpriority=\"high\" class=\"wp-image-294 avia-img-lazy-loading-not-294\"  src=\"https:\/\/www.treschl-architekten.de\/wp-content\/uploads\/2024\/02\/13-Familienhaus-F-09-scaled.jpg\" width=\"2560\" height=\"1678\" title='3-Familienhaus F in Stuttgart-Uhlbach' alt=''  itemprop=\"thumbnailUrl\" srcset=\"https:\/\/www.treschl-architekten.de\/wp-content\/uploads\/2024\/02\/13-Familienhaus-F-09-scaled.jpg 2560w, https:\/\/www.treschl-architekten.de\/wp-content\/uploads\/2024\/02\/13-Familienhaus-F-09-300x197.jpg 300w, https:\/\/www.treschl-architekten.de\/wp-content\/uploads\/2024\/02\/13-Familienhaus-F-09-1030x675.jpg 1030w, https:\/\/www.treschl-architekten.de\/wp-content\/uploads\/2024\/02\/13-Familienhaus-F-09-768x503.jpg 768w, https:\/\/www.treschl-architekten.de\/wp-content\/uploads\/2024\/02\/13-Familienhaus-F-09-1536x1007.jpg 1536w, https:\/\/www.treschl-architekten.de\/wp-content\/uploads\/2024\/02\/13-Familienhaus-F-09-2048x1343.jpg 2048w, https:\/\/www.treschl-architekten.de\/wp-content\/uploads\/2024\/02\/13-Familienhaus-F-09-1500x983.jpg 1500w, https:\/\/www.treschl-architekten.de\/wp-content\/uploads\/2024\/02\/13-Familienhaus-F-09-705x462.jpg 705w\" sizes=\"(max-width: 2560px) 100vw, 2560px\" \/><\/div><\/li><li  class='avia-slideshow-slide av-lt737qjl-b4606c97886cb0c3cdaca7f82d1e4b2f__8  slide-9 slide-odd'><div data-rel='slideshow-1' class='avia-slide-wrap '   ><img decoding=\"async\" fetchpriority=\"high\" class=\"wp-image-295 avia-img-lazy-loading-not-295\"  src=\"https:\/\/www.treschl-architekten.de\/wp-content\/uploads\/2024\/02\/13-Familienhaus-F-10.jpg\" width=\"2160\" height=\"2160\" title='3-Familienhaus F in Stuttgart-Uhlbach' alt=''  itemprop=\"thumbnailUrl\" srcset=\"https:\/\/www.treschl-architekten.de\/wp-content\/uploads\/2024\/02\/13-Familienhaus-F-10.jpg 2160w, https:\/\/www.treschl-architekten.de\/wp-content\/uploads\/2024\/02\/13-Familienhaus-F-10-300x300.jpg 300w, https:\/\/www.treschl-architekten.de\/wp-content\/uploads\/2024\/02\/13-Familienhaus-F-10-1030x1030.jpg 1030w, https:\/\/www.treschl-architekten.de\/wp-content\/uploads\/2024\/02\/13-Familienhaus-F-10-80x80.jpg 80w, https:\/\/www.treschl-architekten.de\/wp-content\/uploads\/2024\/02\/13-Familienhaus-F-10-768x768.jpg 768w, https:\/\/www.treschl-architekten.de\/wp-content\/uploads\/2024\/02\/13-Familienhaus-F-10-1536x1536.jpg 1536w, https:\/\/www.treschl-architekten.de\/wp-content\/uploads\/2024\/02\/13-Familienhaus-F-10-2048x2048.jpg 2048w, https:\/\/www.treschl-architekten.de\/wp-content\/uploads\/2024\/02\/13-Familienhaus-F-10-36x36.jpg 36w, https:\/\/www.treschl-architekten.de\/wp-content\/uploads\/2024\/02\/13-Familienhaus-F-10-180x180.jpg 180w, https:\/\/www.treschl-architekten.de\/wp-content\/uploads\/2024\/02\/13-Familienhaus-F-10-1500x1500.jpg 1500w, https:\/\/www.treschl-architekten.de\/wp-content\/uploads\/2024\/02\/13-Familienhaus-F-10-705x705.jpg 705w\" sizes=\"(max-width: 2160px) 100vw, 2160px\" \/><\/div><\/li><\/ul><div class='avia-slideshow-arrows avia-slideshow-controls' ><a href='#prev' class='prev-slide ' aria-hidden='true' data-av_icon='\ue87c' data-av_iconfont='entypo-fontello'  tabindex='-1'>Previous<\/a><a href='#next' class='next-slide ' aria-hidden='true' data-av_icon='\ue87d' data-av_iconfont='entypo-fontello'  tabindex='-1'>Next<\/a><\/div><\/div><\/div><div  class='flex_column av-av_two_fifth-58a6369d5c19d308284fa729d91312fa av_two_fifth  avia-builder-el-2  el_after_av_three_fifth  avia-builder-el-last  flex_column_div  '     ><section  class='av_textblock_section av-lt7360zw-3891a6d16dd71bf6f6264c01c1121684 '   itemscope=\"itemscope\" itemtype=\"https:\/\/schema.org\/CreativeWork\" ><div class='avia_textblock'  itemprop=\"text\" ><p style=\"text-align: center;\"><a href=\"https:\/\/www.treschl-architekten.de\/?page_id=468\">Information ausblenden<\/a><\/p>\n<h5 style=\"text-align: center;\">Bauen im Bestand<\/h5>\n<\/div><\/section><br \/>\n\n<style type=\"text\/css\" data-created_by=\"avia_inline_auto\" id=\"style-css-av-av_hr-3a876428eececa9d35452247ddb053af\">\n#top .hr.hr-invisible.av-av_hr-3a876428eececa9d35452247ddb053af{\nheight:50px;\n}\n<\/style>\n<div  class='hr av-av_hr-3a876428eececa9d35452247ddb053af hr-invisible  avia-builder-el-4  el_after_av_textblock  el_before_av_textblock '><span class='hr-inner '><span class=\"hr-inner-style\"><\/span><\/span><\/div><br \/>\n<section  class='av_textblock_section av-lt739opi-4f8270660d17ce67bda56066a7e84650 '   itemscope=\"itemscope\" itemtype=\"https:\/\/schema.org\/CreativeWork\" ><div class='avia_textblock'  itemprop=\"text\" ><p>Umnutzung und Sanierung<br \/>\nStuttgart-Uhlbach<\/p>\n<p>Es ist und bleibt eine spannende Herausforderung, ein zuvor gewerblich genutztes Haus aus den 50er Jahren mit neuem Leben zu erwecken.<br \/>\nDie \u00e4u\u00dferst schwierige Aufgabe im Ortskern von Uhlbach, mit den nicht vorhandenen Abstandsfl\u00e4chen, Wohnungen zu erm\u00f6glichen, die den heutigen Anspr\u00fcchen gerecht werden, schien zuweilen unm\u00f6glich. Tiefgreifende Ma\u00dfnahmen wie Treppenh\u00e4user schlie\u00dfen, Bodenplatten erneuern, D\u00e4cher entfernen, tragende W\u00e4nde durch leichte Stahlkonstruktionen ersetzen, &#8230; erm\u00f6glichten die Realisierung von drei hochwertigen Wohnungen zwischen 120 und 150 qm, die alle nach S\u00fcdosten ihre einmalige Aussicht haben.<br \/>\nF\u00fcr das Weindorf Uhlbach bleibt so die gewachsene st\u00e4dtebauliche Struktur erhalten und das Haus ist mit drei Familien neu belebt.<\/p>\n<\/div><\/section><\/p><\/div><\/p>\n","protected":false},"excerpt":{"rendered":"","protected":false},"author":2,"featured_media":0,"parent":0,"menu_order":0,"comment_status":"closed","ping_status":"closed","template":"","meta":{"footnotes":""},"class_list":["post-470","page","type-page","status-publish","hentry"],"_links":{"self":[{"href":"https:\/\/www.treschl-architekten.de\/index.php?rest_route=\/wp\/v2\/pages\/470","targetHints":{"allow":["GET"]}}],"collection":[{"href":"https:\/\/www.treschl-architekten.de\/index.php?rest_route=\/wp\/v2\/pages"}],"about":[{"href":"https:\/\/www.treschl-architekten.de\/index.php?rest_route=\/wp\/v2\/types\/page"}],"author":[{"embeddable":true,"href":"https:\/\/www.treschl-architekten.de\/index.php?rest_route=\/wp\/v2\/users\/2"}],"replies":[{"embeddable":true,"href":"https:\/\/www.treschl-architekten.de\/index.php?rest_route=%2Fwp%2Fv2%2Fcomments&post=470"}],"version-history":[{"count":1,"href":"https:\/\/www.treschl-architekten.de\/index.php?rest_route=\/wp\/v2\/pages\/470\/revisions"}],"predecessor-version":[{"id":471,"href":"https:\/\/www.treschl-architekten.de\/index.php?rest_route=\/wp\/v2\/pages\/470\/revisions\/471"}],"wp:attachment":[{"href":"https:\/\/www.treschl-architekten.de\/index.php?rest_route=%2Fwp%2Fv2%2Fmedia&parent=470"}],"curies":[{"name":"wp","href":"https:\/\/api.w.org\/{rel}","templated":true}]}}