{"id":464,"date":"2024-02-29T11:26:32","date_gmt":"2024-02-29T10:26:32","guid":{"rendered":"https:\/\/www.treschl-architekten.de\/?page_id=464"},"modified":"2024-02-29T11:26:32","modified_gmt":"2024-02-29T10:26:32","slug":"12b-einfamilienhaus-b","status":"publish","type":"page","link":"https:\/\/www.treschl-architekten.de\/?page_id=464","title":{"rendered":"12b Einfamilienhaus B"},"content":{"rendered":"<div  class='flex_column av-av_three_fifth-41ee899840124b6993b57a87f996c353 av_three_fifth  avia-builder-el-0  el_before_av_two_fifth  avia-builder-el-first  first flex_column_div  '     ><div  class='avia-slideshow av-lt72y5qi-90ce2828f6228fe330ca982f7385c92e avia-slideshow-no scaling av_slideshow avia-slide-slider  avia-builder-el-1  avia-builder-el-no-sibling  av-slideshow-ui av-control-minimal av-control-minimal-dark av-no-slider-navigation av-slideshow-manual av-loop-once av-loop-manual-endless av-default-height-applied avia-slideshow-1' data-slideshow-options=\"{&quot;animation&quot;:&quot;slide&quot;,&quot;autoplay&quot;:false,&quot;loop_autoplay&quot;:&quot;once&quot;,&quot;interval&quot;:5,&quot;loop_manual&quot;:&quot;manual-endless&quot;,&quot;autoplay_stopper&quot;:false,&quot;noNavigation&quot;:false,&quot;bg_slider&quot;:false,&quot;keep_padding&quot;:false,&quot;hoverpause&quot;:false,&quot;show_slide_delay&quot;:0}\"  itemprop=\"image\" itemscope=\"itemscope\" itemtype=\"https:\/\/schema.org\/ImageObject\" ><ul class='avia-slideshow-inner ' style='padding-bottom: 66.694456023343%;'><li  class='avia-slideshow-slide av-lt72y5qi-90ce2828f6228fe330ca982f7385c92e__0  slide-1 slide-odd'><div data-rel='slideshow-1' class='avia-slide-wrap '   ><img decoding=\"async\" fetchpriority=\"high\" class=\"wp-image-279 avia-img-lazy-loading-not-279\"  src=\"https:\/\/www.treschl-architekten.de\/wp-content\/uploads\/2024\/02\/12-Einfamilienhaus-B-01.jpg\" width=\"2399\" height=\"1600\" title='Einfamilienhaus B in Weinstadt' alt=''  itemprop=\"thumbnailUrl\" srcset=\"https:\/\/www.treschl-architekten.de\/wp-content\/uploads\/2024\/02\/12-Einfamilienhaus-B-01.jpg 2399w, https:\/\/www.treschl-architekten.de\/wp-content\/uploads\/2024\/02\/12-Einfamilienhaus-B-01-300x200.jpg 300w, https:\/\/www.treschl-architekten.de\/wp-content\/uploads\/2024\/02\/12-Einfamilienhaus-B-01-1030x687.jpg 1030w, https:\/\/www.treschl-architekten.de\/wp-content\/uploads\/2024\/02\/12-Einfamilienhaus-B-01-768x512.jpg 768w, https:\/\/www.treschl-architekten.de\/wp-content\/uploads\/2024\/02\/12-Einfamilienhaus-B-01-1536x1024.jpg 1536w, https:\/\/www.treschl-architekten.de\/wp-content\/uploads\/2024\/02\/12-Einfamilienhaus-B-01-2048x1366.jpg 2048w, https:\/\/www.treschl-architekten.de\/wp-content\/uploads\/2024\/02\/12-Einfamilienhaus-B-01-1500x1000.jpg 1500w, https:\/\/www.treschl-architekten.de\/wp-content\/uploads\/2024\/02\/12-Einfamilienhaus-B-01-705x470.jpg 705w\" sizes=\"(max-width: 2399px) 100vw, 2399px\" \/><\/div><\/li><li  class='avia-slideshow-slide av-lt72y5qi-90ce2828f6228fe330ca982f7385c92e__1  slide-2 slide-even'><div data-rel='slideshow-1' class='avia-slide-wrap '   ><img decoding=\"async\" fetchpriority=\"high\" class=\"wp-image-280 avia-img-lazy-loading-not-280\"  src=\"https:\/\/www.treschl-architekten.de\/wp-content\/uploads\/2024\/02\/12-Einfamilienhaus-B-02.jpg\" width=\"1482\" height=\"2160\" title='Einfamilienhaus B in Weinstadt' alt=''  itemprop=\"thumbnailUrl\" srcset=\"https:\/\/www.treschl-architekten.de\/wp-content\/uploads\/2024\/02\/12-Einfamilienhaus-B-02.jpg 1482w, https:\/\/www.treschl-architekten.de\/wp-content\/uploads\/2024\/02\/12-Einfamilienhaus-B-02-206x300.jpg 206w, https:\/\/www.treschl-architekten.de\/wp-content\/uploads\/2024\/02\/12-Einfamilienhaus-B-02-707x1030.jpg 707w, https:\/\/www.treschl-architekten.de\/wp-content\/uploads\/2024\/02\/12-Einfamilienhaus-B-02-768x1119.jpg 768w, https:\/\/www.treschl-architekten.de\/wp-content\/uploads\/2024\/02\/12-Einfamilienhaus-B-02-1054x1536.jpg 1054w, https:\/\/www.treschl-architekten.de\/wp-content\/uploads\/2024\/02\/12-Einfamilienhaus-B-02-1405x2048.jpg 1405w, https:\/\/www.treschl-architekten.de\/wp-content\/uploads\/2024\/02\/12-Einfamilienhaus-B-02-1029x1500.jpg 1029w, https:\/\/www.treschl-architekten.de\/wp-content\/uploads\/2024\/02\/12-Einfamilienhaus-B-02-484x705.jpg 484w\" sizes=\"(max-width: 1482px) 100vw, 1482px\" \/><\/div><\/li><li  class='avia-slideshow-slide av-lt72y5qi-90ce2828f6228fe330ca982f7385c92e__2  slide-3 slide-odd'><div data-rel='slideshow-1' class='avia-slide-wrap '   ><img decoding=\"async\" fetchpriority=\"high\" class=\"wp-image-281 avia-img-lazy-loading-not-281\"  src=\"https:\/\/www.treschl-architekten.de\/wp-content\/uploads\/2024\/02\/12-Einfamilienhaus-B-03-scaled.jpg\" width=\"2560\" height=\"1707\" title='Einfamilienhaus B in Weinstadt' alt=''  itemprop=\"thumbnailUrl\" srcset=\"https:\/\/www.treschl-architekten.de\/wp-content\/uploads\/2024\/02\/12-Einfamilienhaus-B-03-scaled.jpg 2560w, https:\/\/www.treschl-architekten.de\/wp-content\/uploads\/2024\/02\/12-Einfamilienhaus-B-03-300x200.jpg 300w, https:\/\/www.treschl-architekten.de\/wp-content\/uploads\/2024\/02\/12-Einfamilienhaus-B-03-1030x687.jpg 1030w, https:\/\/www.treschl-architekten.de\/wp-content\/uploads\/2024\/02\/12-Einfamilienhaus-B-03-768x512.jpg 768w, https:\/\/www.treschl-architekten.de\/wp-content\/uploads\/2024\/02\/12-Einfamilienhaus-B-03-1536x1024.jpg 1536w, https:\/\/www.treschl-architekten.de\/wp-content\/uploads\/2024\/02\/12-Einfamilienhaus-B-03-2048x1365.jpg 2048w, https:\/\/www.treschl-architekten.de\/wp-content\/uploads\/2024\/02\/12-Einfamilienhaus-B-03-1500x1000.jpg 1500w, https:\/\/www.treschl-architekten.de\/wp-content\/uploads\/2024\/02\/12-Einfamilienhaus-B-03-705x470.jpg 705w\" sizes=\"(max-width: 2560px) 100vw, 2560px\" \/><\/div><\/li><li  class='avia-slideshow-slide av-lt72y5qi-90ce2828f6228fe330ca982f7385c92e__3  slide-4 slide-even'><div data-rel='slideshow-1' class='avia-slide-wrap '   ><img decoding=\"async\" fetchpriority=\"high\" class=\"wp-image-282 avia-img-lazy-loading-not-282\"  src=\"https:\/\/www.treschl-architekten.de\/wp-content\/uploads\/2024\/02\/12-Einfamilienhaus-B-04.jpg\" width=\"1123\" height=\"2160\" title='Einfamilienhaus B in Weinstadt' alt=''  itemprop=\"thumbnailUrl\" srcset=\"https:\/\/www.treschl-architekten.de\/wp-content\/uploads\/2024\/02\/12-Einfamilienhaus-B-04.jpg 1123w, https:\/\/www.treschl-architekten.de\/wp-content\/uploads\/2024\/02\/12-Einfamilienhaus-B-04-156x300.jpg 156w, https:\/\/www.treschl-architekten.de\/wp-content\/uploads\/2024\/02\/12-Einfamilienhaus-B-04-536x1030.jpg 536w, https:\/\/www.treschl-architekten.de\/wp-content\/uploads\/2024\/02\/12-Einfamilienhaus-B-04-768x1477.jpg 768w, https:\/\/www.treschl-architekten.de\/wp-content\/uploads\/2024\/02\/12-Einfamilienhaus-B-04-799x1536.jpg 799w, https:\/\/www.treschl-architekten.de\/wp-content\/uploads\/2024\/02\/12-Einfamilienhaus-B-04-1065x2048.jpg 1065w, https:\/\/www.treschl-architekten.de\/wp-content\/uploads\/2024\/02\/12-Einfamilienhaus-B-04-780x1500.jpg 780w, https:\/\/www.treschl-architekten.de\/wp-content\/uploads\/2024\/02\/12-Einfamilienhaus-B-04-367x705.jpg 367w\" sizes=\"(max-width: 1123px) 100vw, 1123px\" \/><\/div><\/li><li  class='avia-slideshow-slide av-lt72y5qi-90ce2828f6228fe330ca982f7385c92e__4  slide-5 slide-odd'><div data-rel='slideshow-1' class='avia-slide-wrap '   ><img decoding=\"async\" fetchpriority=\"high\" class=\"wp-image-283 avia-img-lazy-loading-not-283\"  src=\"https:\/\/www.treschl-architekten.de\/wp-content\/uploads\/2024\/02\/12-Einfamilienhaus-B-05-scaled.jpg\" width=\"2560\" height=\"1712\" title='Einfamilienhaus B in Weinstadt' alt=''  itemprop=\"thumbnailUrl\" srcset=\"https:\/\/www.treschl-architekten.de\/wp-content\/uploads\/2024\/02\/12-Einfamilienhaus-B-05-scaled.jpg 2560w, https:\/\/www.treschl-architekten.de\/wp-content\/uploads\/2024\/02\/12-Einfamilienhaus-B-05-300x201.jpg 300w, https:\/\/www.treschl-architekten.de\/wp-content\/uploads\/2024\/02\/12-Einfamilienhaus-B-05-1030x689.jpg 1030w, https:\/\/www.treschl-architekten.de\/wp-content\/uploads\/2024\/02\/12-Einfamilienhaus-B-05-768x514.jpg 768w, https:\/\/www.treschl-architekten.de\/wp-content\/uploads\/2024\/02\/12-Einfamilienhaus-B-05-1536x1027.jpg 1536w, https:\/\/www.treschl-architekten.de\/wp-content\/uploads\/2024\/02\/12-Einfamilienhaus-B-05-2048x1370.jpg 2048w, https:\/\/www.treschl-architekten.de\/wp-content\/uploads\/2024\/02\/12-Einfamilienhaus-B-05-1500x1003.jpg 1500w, https:\/\/www.treschl-architekten.de\/wp-content\/uploads\/2024\/02\/12-Einfamilienhaus-B-05-705x472.jpg 705w\" sizes=\"(max-width: 2560px) 100vw, 2560px\" \/><\/div><\/li><li  class='avia-slideshow-slide av-lt72y5qi-90ce2828f6228fe330ca982f7385c92e__5  slide-6 slide-even'><div data-rel='slideshow-1' class='avia-slide-wrap '   ><img decoding=\"async\" fetchpriority=\"high\" class=\"wp-image-284 avia-img-lazy-loading-not-284\"  src=\"https:\/\/www.treschl-architekten.de\/wp-content\/uploads\/2024\/02\/12-Einfamilienhaus-B-06-scaled.jpg\" width=\"2560\" height=\"1719\" title='Einfamilienhaus B in Weinstadt' alt=''  itemprop=\"thumbnailUrl\" srcset=\"https:\/\/www.treschl-architekten.de\/wp-content\/uploads\/2024\/02\/12-Einfamilienhaus-B-06-scaled.jpg 2560w, https:\/\/www.treschl-architekten.de\/wp-content\/uploads\/2024\/02\/12-Einfamilienhaus-B-06-300x201.jpg 300w, https:\/\/www.treschl-architekten.de\/wp-content\/uploads\/2024\/02\/12-Einfamilienhaus-B-06-1030x692.jpg 1030w, https:\/\/www.treschl-architekten.de\/wp-content\/uploads\/2024\/02\/12-Einfamilienhaus-B-06-768x516.jpg 768w, https:\/\/www.treschl-architekten.de\/wp-content\/uploads\/2024\/02\/12-Einfamilienhaus-B-06-1536x1031.jpg 1536w, https:\/\/www.treschl-architekten.de\/wp-content\/uploads\/2024\/02\/12-Einfamilienhaus-B-06-2048x1375.jpg 2048w, https:\/\/www.treschl-architekten.de\/wp-content\/uploads\/2024\/02\/12-Einfamilienhaus-B-06-1500x1007.jpg 1500w, https:\/\/www.treschl-architekten.de\/wp-content\/uploads\/2024\/02\/12-Einfamilienhaus-B-06-705x473.jpg 705w\" sizes=\"(max-width: 2560px) 100vw, 2560px\" \/><\/div><\/li><li  class='avia-slideshow-slide av-lt72y5qi-90ce2828f6228fe330ca982f7385c92e__6  slide-7 slide-odd'><div data-rel='slideshow-1' class='avia-slide-wrap '   ><img decoding=\"async\" fetchpriority=\"high\" class=\"wp-image-285 avia-img-lazy-loading-not-285\"  src=\"https:\/\/www.treschl-architekten.de\/wp-content\/uploads\/2024\/02\/12-Einfamilienhaus-B-07.jpg\" width=\"2373\" height=\"1600\" title='Einfamilienhaus B in Weinstadt' alt=''  itemprop=\"thumbnailUrl\" srcset=\"https:\/\/www.treschl-architekten.de\/wp-content\/uploads\/2024\/02\/12-Einfamilienhaus-B-07.jpg 2373w, https:\/\/www.treschl-architekten.de\/wp-content\/uploads\/2024\/02\/12-Einfamilienhaus-B-07-300x202.jpg 300w, https:\/\/www.treschl-architekten.de\/wp-content\/uploads\/2024\/02\/12-Einfamilienhaus-B-07-1030x694.jpg 1030w, https:\/\/www.treschl-architekten.de\/wp-content\/uploads\/2024\/02\/12-Einfamilienhaus-B-07-768x518.jpg 768w, https:\/\/www.treschl-architekten.de\/wp-content\/uploads\/2024\/02\/12-Einfamilienhaus-B-07-1536x1036.jpg 1536w, https:\/\/www.treschl-architekten.de\/wp-content\/uploads\/2024\/02\/12-Einfamilienhaus-B-07-2048x1381.jpg 2048w, https:\/\/www.treschl-architekten.de\/wp-content\/uploads\/2024\/02\/12-Einfamilienhaus-B-07-1500x1011.jpg 1500w, https:\/\/www.treschl-architekten.de\/wp-content\/uploads\/2024\/02\/12-Einfamilienhaus-B-07-705x475.jpg 705w\" sizes=\"(max-width: 2373px) 100vw, 2373px\" \/><\/div><\/li><\/ul><div class='avia-slideshow-arrows avia-slideshow-controls' ><a href='#prev' class='prev-slide ' aria-hidden='true' data-av_icon='\ue87c' data-av_iconfont='entypo-fontello'  tabindex='-1'>Previous<\/a><a href='#next' class='next-slide ' aria-hidden='true' data-av_icon='\ue87d' data-av_iconfont='entypo-fontello'  tabindex='-1'>Next<\/a><\/div><\/div><\/div><div  class='flex_column av-av_two_fifth-58a6369d5c19d308284fa729d91312fa av_two_fifth  avia-builder-el-2  el_after_av_three_fifth  avia-builder-el-last  flex_column_div  '     ><section  class='av_textblock_section av-lt72yib7-dd5d56da007eecc64707daf6906184bd '   itemscope=\"itemscope\" itemtype=\"https:\/\/schema.org\/CreativeWork\" ><div class='avia_textblock'  itemprop=\"text\" ><p style=\"text-align: center;\"><a href=\"https:\/\/www.treschl-architekten.de\/?page_id=462\">Information ausblenden<\/a><\/p>\n<h5 style=\"text-align: center;\">Einfamilienhaus B in Weinstadt<\/h5>\n<\/div><\/section><br \/>\n\n<style type=\"text\/css\" data-created_by=\"avia_inline_auto\" id=\"style-css-av-av_hr-3a876428eececa9d35452247ddb053af\">\n#top .hr.hr-invisible.av-av_hr-3a876428eececa9d35452247ddb053af{\nheight:50px;\n}\n<\/style>\n<div  class='hr av-av_hr-3a876428eececa9d35452247ddb053af hr-invisible  avia-builder-el-4  el_after_av_textblock  el_before_av_textblock '><span class='hr-inner '><span class=\"hr-inner-style\"><\/span><\/span><\/div><br \/>\n<section  class='av_textblock_section av-lt72yzjq-4fdda8e90e23cfdfcd10eb8c6c92cf38 '   itemscope=\"itemscope\" itemtype=\"https:\/\/schema.org\/CreativeWork\" ><div class='avia_textblock'  itemprop=\"text\" ><p>Das Einfamilienhaus, gebaut 1989, liegt auf einem S\u00fcdhang mit sch\u00f6ner Aussicht auf die gegen\u00fcberliegenden Streuobstwiesen. Klassische Eleganz, das Erleben der Topografie im Haus sowie das Spiel zwischen Innen-und Au\u00dfenraum waren die ma\u00dfgebenden Entwurfsgedanken.<\/p>\n<\/div><\/section><\/p><\/div><\/p>\n","protected":false},"excerpt":{"rendered":"","protected":false},"author":2,"featured_media":0,"parent":0,"menu_order":0,"comment_status":"closed","ping_status":"closed","template":"","meta":{"footnotes":""},"class_list":["post-464","page","type-page","status-publish","hentry"],"_links":{"self":[{"href":"https:\/\/www.treschl-architekten.de\/index.php?rest_route=\/wp\/v2\/pages\/464","targetHints":{"allow":["GET"]}}],"collection":[{"href":"https:\/\/www.treschl-architekten.de\/index.php?rest_route=\/wp\/v2\/pages"}],"about":[{"href":"https:\/\/www.treschl-architekten.de\/index.php?rest_route=\/wp\/v2\/types\/page"}],"author":[{"embeddable":true,"href":"https:\/\/www.treschl-architekten.de\/index.php?rest_route=\/wp\/v2\/users\/2"}],"replies":[{"embeddable":true,"href":"https:\/\/www.treschl-architekten.de\/index.php?rest_route=%2Fwp%2Fv2%2Fcomments&post=464"}],"version-history":[{"count":1,"href":"https:\/\/www.treschl-architekten.de\/index.php?rest_route=\/wp\/v2\/pages\/464\/revisions"}],"predecessor-version":[{"id":465,"href":"https:\/\/www.treschl-architekten.de\/index.php?rest_route=\/wp\/v2\/pages\/464\/revisions\/465"}],"wp:attachment":[{"href":"https:\/\/www.treschl-architekten.de\/index.php?rest_route=%2Fwp%2Fv2%2Fmedia&parent=464"}],"curies":[{"name":"wp","href":"https:\/\/api.w.org\/{rel}","templated":true}]}}