{"id":428,"date":"2024-02-29T09:58:51","date_gmt":"2024-02-29T08:58:51","guid":{"rendered":"https:\/\/www.treschl-architekten.de\/?page_id=428"},"modified":"2024-02-29T10:03:00","modified_gmt":"2024-02-29T09:03:00","slug":"07b-hoelderlin-carre","status":"publish","type":"page","link":"https:\/\/www.treschl-architekten.de\/?page_id=428","title":{"rendered":"07b Hoelderlin Carre"},"content":{"rendered":"<div  class='flex_column av-2174j0-853677a83fbb3851cb02324c4033ae64 av_three_fifth  avia-builder-el-0  el_before_av_two_fifth  avia-builder-el-first  first flex_column_div  '     ><div  class='avia-slideshow av-lt6zvhmf-fd78164893628208858536c5a91741fc avia-slideshow-no scaling av_slideshow avia-slide-slider  avia-builder-el-1  avia-builder-el-no-sibling  av-slideshow-ui av-control-minimal av-control-minimal-dark av-no-slider-navigation av-slideshow-manual av-loop-once av-loop-manual-endless av-default-height-applied avia-slideshow-1' data-slideshow-options=\"{&quot;animation&quot;:&quot;slide&quot;,&quot;autoplay&quot;:false,&quot;loop_autoplay&quot;:&quot;once&quot;,&quot;interval&quot;:5,&quot;loop_manual&quot;:&quot;manual-endless&quot;,&quot;autoplay_stopper&quot;:false,&quot;noNavigation&quot;:false,&quot;bg_slider&quot;:false,&quot;keep_padding&quot;:false,&quot;hoverpause&quot;:false,&quot;show_slide_delay&quot;:0}\"  itemprop=\"image\" itemscope=\"itemscope\" itemtype=\"https:\/\/schema.org\/ImageObject\" ><ul class='avia-slideshow-inner ' style='padding-bottom: 60.390625%;'><li  class='avia-slideshow-slide av-lt6zvhmf-fd78164893628208858536c5a91741fc__0  slide-1 slide-odd'><div data-rel='slideshow-1' class='avia-slide-wrap '   ><img decoding=\"async\" fetchpriority=\"high\" class=\"wp-image-223 avia-img-lazy-loading-not-223\"  src=\"https:\/\/www.treschl-architekten.de\/wp-content\/uploads\/2024\/02\/07_Hoelderlin-Carre-01-scaled.jpg\" width=\"2560\" height=\"1546\" title='Wohnbebauung H\u00f6lderlin Carr\u00e9' alt=''  itemprop=\"thumbnailUrl\" srcset=\"https:\/\/www.treschl-architekten.de\/wp-content\/uploads\/2024\/02\/07_Hoelderlin-Carre-01-scaled.jpg 2560w, https:\/\/www.treschl-architekten.de\/wp-content\/uploads\/2024\/02\/07_Hoelderlin-Carre-01-300x181.jpg 300w, https:\/\/www.treschl-architekten.de\/wp-content\/uploads\/2024\/02\/07_Hoelderlin-Carre-01-1030x622.jpg 1030w, https:\/\/www.treschl-architekten.de\/wp-content\/uploads\/2024\/02\/07_Hoelderlin-Carre-01-768x464.jpg 768w, https:\/\/www.treschl-architekten.de\/wp-content\/uploads\/2024\/02\/07_Hoelderlin-Carre-01-1536x928.jpg 1536w, https:\/\/www.treschl-architekten.de\/wp-content\/uploads\/2024\/02\/07_Hoelderlin-Carre-01-2048x1237.jpg 2048w, https:\/\/www.treschl-architekten.de\/wp-content\/uploads\/2024\/02\/07_Hoelderlin-Carre-01-1500x906.jpg 1500w, https:\/\/www.treschl-architekten.de\/wp-content\/uploads\/2024\/02\/07_Hoelderlin-Carre-01-705x426.jpg 705w\" sizes=\"(max-width: 2560px) 100vw, 2560px\" \/><\/div><\/li><li  class='avia-slideshow-slide av-lt6zvhmf-fd78164893628208858536c5a91741fc__1  slide-2 slide-even'><div data-rel='slideshow-1' class='avia-slide-wrap '   ><img decoding=\"async\" fetchpriority=\"high\" class=\"wp-image-224 avia-img-lazy-loading-not-224\"  src=\"https:\/\/www.treschl-architekten.de\/wp-content\/uploads\/2024\/02\/07_Hoelderlin-Carre-02-scaled.jpg\" width=\"2560\" height=\"1729\" title='Wohnbebauung H\u00f6lderlin Carr\u00e9' alt=''  itemprop=\"thumbnailUrl\" srcset=\"https:\/\/www.treschl-architekten.de\/wp-content\/uploads\/2024\/02\/07_Hoelderlin-Carre-02-scaled.jpg 2560w, https:\/\/www.treschl-architekten.de\/wp-content\/uploads\/2024\/02\/07_Hoelderlin-Carre-02-300x203.jpg 300w, https:\/\/www.treschl-architekten.de\/wp-content\/uploads\/2024\/02\/07_Hoelderlin-Carre-02-1030x696.jpg 1030w, https:\/\/www.treschl-architekten.de\/wp-content\/uploads\/2024\/02\/07_Hoelderlin-Carre-02-768x519.jpg 768w, https:\/\/www.treschl-architekten.de\/wp-content\/uploads\/2024\/02\/07_Hoelderlin-Carre-02-1536x1037.jpg 1536w, https:\/\/www.treschl-architekten.de\/wp-content\/uploads\/2024\/02\/07_Hoelderlin-Carre-02-2048x1383.jpg 2048w, https:\/\/www.treschl-architekten.de\/wp-content\/uploads\/2024\/02\/07_Hoelderlin-Carre-02-1500x1013.jpg 1500w, https:\/\/www.treschl-architekten.de\/wp-content\/uploads\/2024\/02\/07_Hoelderlin-Carre-02-705x476.jpg 705w\" sizes=\"(max-width: 2560px) 100vw, 2560px\" \/><\/div><\/li><li  class='avia-slideshow-slide av-lt6zvhmf-fd78164893628208858536c5a91741fc__2  slide-3 slide-odd'><div data-rel='slideshow-1' class='avia-slide-wrap '   ><img decoding=\"async\" fetchpriority=\"high\" class=\"wp-image-225 avia-img-lazy-loading-not-225\"  src=\"https:\/\/www.treschl-architekten.de\/wp-content\/uploads\/2024\/02\/07_Hoelderlin-Carre-03-scaled.jpg\" width=\"2560\" height=\"1684\" title='Wohnbebauung H\u00f6lderlin Carr\u00e9' alt=''  itemprop=\"thumbnailUrl\" srcset=\"https:\/\/www.treschl-architekten.de\/wp-content\/uploads\/2024\/02\/07_Hoelderlin-Carre-03-scaled.jpg 2560w, https:\/\/www.treschl-architekten.de\/wp-content\/uploads\/2024\/02\/07_Hoelderlin-Carre-03-300x197.jpg 300w, https:\/\/www.treschl-architekten.de\/wp-content\/uploads\/2024\/02\/07_Hoelderlin-Carre-03-1030x677.jpg 1030w, https:\/\/www.treschl-architekten.de\/wp-content\/uploads\/2024\/02\/07_Hoelderlin-Carre-03-768x505.jpg 768w, https:\/\/www.treschl-architekten.de\/wp-content\/uploads\/2024\/02\/07_Hoelderlin-Carre-03-1536x1010.jpg 1536w, https:\/\/www.treschl-architekten.de\/wp-content\/uploads\/2024\/02\/07_Hoelderlin-Carre-03-2048x1347.jpg 2048w, https:\/\/www.treschl-architekten.de\/wp-content\/uploads\/2024\/02\/07_Hoelderlin-Carre-03-1500x987.jpg 1500w, https:\/\/www.treschl-architekten.de\/wp-content\/uploads\/2024\/02\/07_Hoelderlin-Carre-03-705x464.jpg 705w\" sizes=\"(max-width: 2560px) 100vw, 2560px\" \/><\/div><\/li><li  class='avia-slideshow-slide av-lt6zvhmf-fd78164893628208858536c5a91741fc__3  slide-4 slide-even'><div data-rel='slideshow-1' class='avia-slide-wrap '   ><img decoding=\"async\" fetchpriority=\"high\" class=\"wp-image-226 avia-img-lazy-loading-not-226\"  src=\"https:\/\/www.treschl-architekten.de\/wp-content\/uploads\/2024\/02\/07_Hoelderlin-Carre-04-scaled.jpg\" width=\"2560\" height=\"1707\" title='Wohnbebauung H\u00f6lderlin Carr\u00e9' alt=''  itemprop=\"thumbnailUrl\" srcset=\"https:\/\/www.treschl-architekten.de\/wp-content\/uploads\/2024\/02\/07_Hoelderlin-Carre-04-scaled.jpg 2560w, https:\/\/www.treschl-architekten.de\/wp-content\/uploads\/2024\/02\/07_Hoelderlin-Carre-04-300x200.jpg 300w, https:\/\/www.treschl-architekten.de\/wp-content\/uploads\/2024\/02\/07_Hoelderlin-Carre-04-1030x687.jpg 1030w, https:\/\/www.treschl-architekten.de\/wp-content\/uploads\/2024\/02\/07_Hoelderlin-Carre-04-768x512.jpg 768w, https:\/\/www.treschl-architekten.de\/wp-content\/uploads\/2024\/02\/07_Hoelderlin-Carre-04-1536x1024.jpg 1536w, https:\/\/www.treschl-architekten.de\/wp-content\/uploads\/2024\/02\/07_Hoelderlin-Carre-04-2048x1365.jpg 2048w, https:\/\/www.treschl-architekten.de\/wp-content\/uploads\/2024\/02\/07_Hoelderlin-Carre-04-1500x1000.jpg 1500w, https:\/\/www.treschl-architekten.de\/wp-content\/uploads\/2024\/02\/07_Hoelderlin-Carre-04-705x470.jpg 705w\" sizes=\"(max-width: 2560px) 100vw, 2560px\" \/><\/div><\/li><li  class='avia-slideshow-slide av-lt6zvhmf-fd78164893628208858536c5a91741fc__4  slide-5 slide-odd'><div data-rel='slideshow-1' class='avia-slide-wrap '   ><img decoding=\"async\" fetchpriority=\"high\" class=\"wp-image-227 avia-img-lazy-loading-not-227\"  src=\"https:\/\/www.treschl-architekten.de\/wp-content\/uploads\/2024\/02\/07_Hoelderlin-Carre-05-scaled.jpg\" width=\"2560\" height=\"1707\" title='Wohnbebauung H\u00f6lderlin Carr\u00e9' alt=''  itemprop=\"thumbnailUrl\" srcset=\"https:\/\/www.treschl-architekten.de\/wp-content\/uploads\/2024\/02\/07_Hoelderlin-Carre-05-scaled.jpg 2560w, https:\/\/www.treschl-architekten.de\/wp-content\/uploads\/2024\/02\/07_Hoelderlin-Carre-05-300x200.jpg 300w, https:\/\/www.treschl-architekten.de\/wp-content\/uploads\/2024\/02\/07_Hoelderlin-Carre-05-1030x687.jpg 1030w, https:\/\/www.treschl-architekten.de\/wp-content\/uploads\/2024\/02\/07_Hoelderlin-Carre-05-768x512.jpg 768w, https:\/\/www.treschl-architekten.de\/wp-content\/uploads\/2024\/02\/07_Hoelderlin-Carre-05-1536x1024.jpg 1536w, https:\/\/www.treschl-architekten.de\/wp-content\/uploads\/2024\/02\/07_Hoelderlin-Carre-05-2048x1365.jpg 2048w, https:\/\/www.treschl-architekten.de\/wp-content\/uploads\/2024\/02\/07_Hoelderlin-Carre-05-1500x1000.jpg 1500w, https:\/\/www.treschl-architekten.de\/wp-content\/uploads\/2024\/02\/07_Hoelderlin-Carre-05-705x470.jpg 705w\" sizes=\"(max-width: 2560px) 100vw, 2560px\" \/><\/div><\/li><li  class='avia-slideshow-slide av-lt6zvhmf-fd78164893628208858536c5a91741fc__5  slide-6 slide-even'><div data-rel='slideshow-1' class='avia-slide-wrap '   ><img decoding=\"async\" fetchpriority=\"high\" class=\"wp-image-228 avia-img-lazy-loading-not-228\"  src=\"https:\/\/www.treschl-architekten.de\/wp-content\/uploads\/2024\/02\/07_Hoelderlin-Carre-06-scaled.jpg\" width=\"2560\" height=\"1667\" title='Wohnbebauung H\u00f6lderlin Carr\u00e9' alt=''  itemprop=\"thumbnailUrl\" srcset=\"https:\/\/www.treschl-architekten.de\/wp-content\/uploads\/2024\/02\/07_Hoelderlin-Carre-06-scaled.jpg 2560w, https:\/\/www.treschl-architekten.de\/wp-content\/uploads\/2024\/02\/07_Hoelderlin-Carre-06-300x195.jpg 300w, https:\/\/www.treschl-architekten.de\/wp-content\/uploads\/2024\/02\/07_Hoelderlin-Carre-06-1030x671.jpg 1030w, https:\/\/www.treschl-architekten.de\/wp-content\/uploads\/2024\/02\/07_Hoelderlin-Carre-06-768x500.jpg 768w, https:\/\/www.treschl-architekten.de\/wp-content\/uploads\/2024\/02\/07_Hoelderlin-Carre-06-1536x1000.jpg 1536w, https:\/\/www.treschl-architekten.de\/wp-content\/uploads\/2024\/02\/07_Hoelderlin-Carre-06-2048x1334.jpg 2048w, https:\/\/www.treschl-architekten.de\/wp-content\/uploads\/2024\/02\/07_Hoelderlin-Carre-06-1500x977.jpg 1500w, https:\/\/www.treschl-architekten.de\/wp-content\/uploads\/2024\/02\/07_Hoelderlin-Carre-06-705x459.jpg 705w\" sizes=\"(max-width: 2560px) 100vw, 2560px\" \/><\/div><\/li><li  class='avia-slideshow-slide av-lt6zvhmf-fd78164893628208858536c5a91741fc__6  slide-7 slide-odd'><div data-rel='slideshow-1' class='avia-slide-wrap '   ><img decoding=\"async\" fetchpriority=\"high\" class=\"wp-image-229 avia-img-lazy-loading-not-229\"  src=\"https:\/\/www.treschl-architekten.de\/wp-content\/uploads\/2024\/02\/07_Hoelderlin-Carre-07-scaled.jpg\" width=\"2560\" height=\"1765\" title='Wohnbebauung H\u00f6lderlin Carr\u00e9' alt=''  itemprop=\"thumbnailUrl\" srcset=\"https:\/\/www.treschl-architekten.de\/wp-content\/uploads\/2024\/02\/07_Hoelderlin-Carre-07-scaled.jpg 2560w, https:\/\/www.treschl-architekten.de\/wp-content\/uploads\/2024\/02\/07_Hoelderlin-Carre-07-300x207.jpg 300w, https:\/\/www.treschl-architekten.de\/wp-content\/uploads\/2024\/02\/07_Hoelderlin-Carre-07-1030x710.jpg 1030w, https:\/\/www.treschl-architekten.de\/wp-content\/uploads\/2024\/02\/07_Hoelderlin-Carre-07-768x529.jpg 768w, https:\/\/www.treschl-architekten.de\/wp-content\/uploads\/2024\/02\/07_Hoelderlin-Carre-07-1536x1059.jpg 1536w, https:\/\/www.treschl-architekten.de\/wp-content\/uploads\/2024\/02\/07_Hoelderlin-Carre-07-2048x1412.jpg 2048w, https:\/\/www.treschl-architekten.de\/wp-content\/uploads\/2024\/02\/07_Hoelderlin-Carre-07-1500x1034.jpg 1500w, https:\/\/www.treschl-architekten.de\/wp-content\/uploads\/2024\/02\/07_Hoelderlin-Carre-07-705x486.jpg 705w\" sizes=\"(max-width: 2560px) 100vw, 2560px\" \/><\/div><\/li><\/ul><div class='avia-slideshow-arrows avia-slideshow-controls' ><a href='#prev' class='prev-slide ' aria-hidden='true' data-av_icon='\ue87c' data-av_iconfont='entypo-fontello'  tabindex='-1'>Previous<\/a><a href='#next' class='next-slide ' aria-hidden='true' data-av_icon='\ue87d' data-av_iconfont='entypo-fontello'  tabindex='-1'>Next<\/a><\/div><\/div><\/div>\n<div  class='flex_column av-r5b78-e1a3bbf584a09d1e974e388521871e30 av_two_fifth  avia-builder-el-2  el_after_av_three_fifth  avia-builder-el-last  flex_column_div  '     ><section  class='av_textblock_section av-lt6zw297-3d4076ba6da6a7351d47460acf7662de '   itemscope=\"itemscope\" itemtype=\"https:\/\/schema.org\/CreativeWork\" ><div class='avia_textblock'  itemprop=\"text\" ><p style=\"text-align: center;\"><a href=\"https:\/\/www.treschl-architekten.de\/?page_id=426\">Information ausblenden<\/a><\/p>\n<h5 style=\"text-align: center;\">H\u00f6lderlin Carr\u00e9<\/h5>\n<\/div><\/section><br \/>\n\n<style type=\"text\/css\" data-created_by=\"avia_inline_auto\" id=\"style-css-av-jgjgs-bf3a7f249f1f86b1286aff59465a080d\">\n#top .hr.hr-invisible.av-jgjgs-bf3a7f249f1f86b1286aff59465a080d{\nheight:50px;\n}\n<\/style>\n<div  class='hr av-jgjgs-bf3a7f249f1f86b1286aff59465a080d hr-invisible  avia-builder-el-4  el_after_av_textblock  el_before_av_textblock '><span class='hr-inner '><span class=\"hr-inner-style\"><\/span><\/span><\/div><br \/>\n<section  class='av_textblock_section av-lt6zyat4-12dba4e1d048c8998b89cdb5dc66188e '   itemscope=\"itemscope\" itemtype=\"https:\/\/schema.org\/CreativeWork\" ><div class='avia_textblock'  itemprop=\"text\" ><p>Wohnquartier in Fellbach<\/p>\n<p>Ein ehemaliger Gewerbebetrieb verl\u00e4sst die Enge des Fellbacher Zentrums und gibt Platz f\u00fcr die Erweiterung der vorhandenen Wohnbaustruktur. Die Gr\u00f6\u00dfe des Grundst\u00fccks (ca. 4.000qm) erlaubte die Bildung eines eigenst\u00e4ndigen Quartiers, gew\u00e4hrt aber auch die Entwicklung in weitere, zuk\u00fcnftige Wohngebiete. Es ist im Interesse der Stadt Fellbach, diese stadtnahen Gewerbegebiete auszulagern, um Misch- und Wohngebieten Platz einzur\u00e4umen.<br \/>\nUnser B\u00fcro wurde beauftragt, den st\u00e4dtebaulichen Entwurf f\u00fcr die Bebauungsplan\u00e4nderung zu erstellen sowie die Geb\u00e4ude mit den Au\u00dfenanlagen zu planen.<br \/>\nDurch die klare und einheitliche Gliederung und Gestaltung der Stadth\u00e4user sowie die Ausbildung einer gemeinsamen Mitte wurde die Eigenst\u00e4ndigkeit und Identit\u00e4t des Quartiers erm\u00f6glicht. Neben einer dem Bedarf entsprechenden Durchmischung der Wohnungsgr\u00f6\u00dfen legte der Bautr\u00e4ger gro\u00dfen Wert auf die architektonische Gestaltung sowie auf die Qualit\u00e4t der Ausf\u00fchrung.<br \/>\nDie 47 Eigentumswohnungen werden durch ein im Untergeschoss platziertes Blockheizkraftwerk beheizt, die Geb\u00e4ude erf\u00fcllen den KFW 60 Baustandard.<\/p>\n<\/div><\/section><\/p><\/div>\n","protected":false},"excerpt":{"rendered":"","protected":false},"author":2,"featured_media":0,"parent":0,"menu_order":0,"comment_status":"closed","ping_status":"closed","template":"","meta":{"footnotes":""},"class_list":["post-428","page","type-page","status-publish","hentry"],"_links":{"self":[{"href":"https:\/\/www.treschl-architekten.de\/index.php?rest_route=\/wp\/v2\/pages\/428","targetHints":{"allow":["GET"]}}],"collection":[{"href":"https:\/\/www.treschl-architekten.de\/index.php?rest_route=\/wp\/v2\/pages"}],"about":[{"href":"https:\/\/www.treschl-architekten.de\/index.php?rest_route=\/wp\/v2\/types\/page"}],"author":[{"embeddable":true,"href":"https:\/\/www.treschl-architekten.de\/index.php?rest_route=\/wp\/v2\/users\/2"}],"replies":[{"embeddable":true,"href":"https:\/\/www.treschl-architekten.de\/index.php?rest_route=%2Fwp%2Fv2%2Fcomments&post=428"}],"version-history":[{"count":3,"href":"https:\/\/www.treschl-architekten.de\/index.php?rest_route=\/wp\/v2\/pages\/428\/revisions"}],"predecessor-version":[{"id":434,"href":"https:\/\/www.treschl-architekten.de\/index.php?rest_route=\/wp\/v2\/pages\/428\/revisions\/434"}],"wp:attachment":[{"href":"https:\/\/www.treschl-architekten.de\/index.php?rest_route=%2Fwp%2Fv2%2Fmedia&parent=428"}],"curies":[{"name":"wp","href":"https:\/\/api.w.org\/{rel}","templated":true}]}}