{"id":397,"date":"2024-02-27T10:43:47","date_gmt":"2024-02-27T09:43:47","guid":{"rendered":"https:\/\/www.treschl-architekten.de\/?page_id=397"},"modified":"2024-02-27T10:45:36","modified_gmt":"2024-02-27T09:45:36","slug":"02b-temic","status":"publish","type":"page","link":"https:\/\/www.treschl-architekten.de\/?page_id=397","title":{"rendered":"03b Temic"},"content":{"rendered":"<div  class='flex_column av-2l5g2l-151156f1ad9b46637b8e3760afe35b2a av_three_fifth  avia-builder-el-0  el_before_av_two_fifth  avia-builder-el-first  first flex_column_div  '     ><div  class='avia-slideshow av-lt46jiag-4bfbd942007e628f0a49e84c63b77057 avia-slideshow-no scaling av_slideshow avia-slide-slider  avia-builder-el-1  avia-builder-el-no-sibling  av-slideshow-ui av-control-minimal av-control-minimal-dark av-no-slider-navigation av-slideshow-manual av-loop-once av-loop-manual-endless av-default-height-applied avia-slideshow-1' data-slideshow-options=\"{&quot;animation&quot;:&quot;slide&quot;,&quot;autoplay&quot;:false,&quot;loop_autoplay&quot;:&quot;once&quot;,&quot;interval&quot;:5,&quot;loop_manual&quot;:&quot;manual-endless&quot;,&quot;autoplay_stopper&quot;:false,&quot;noNavigation&quot;:false,&quot;bg_slider&quot;:false,&quot;keep_padding&quot;:false,&quot;hoverpause&quot;:false,&quot;show_slide_delay&quot;:0}\"  itemprop=\"image\" itemscope=\"itemscope\" itemtype=\"https:\/\/schema.org\/ImageObject\" ><ul class='avia-slideshow-inner ' style='padding-bottom: 62.5%;'><li  class='avia-slideshow-slide av-lt46jiag-4bfbd942007e628f0a49e84c63b77057__0  slide-1 slide-odd'><div data-rel='slideshow-1' class='avia-slide-wrap '   ><img decoding=\"async\" fetchpriority=\"high\" class=\"wp-image-154 avia-img-lazy-loading-not-154\"  src=\"https:\/\/www.treschl-architekten.de\/wp-content\/uploads\/2024\/02\/03_-Temic_01-scaled.jpg\" width=\"2560\" height=\"1600\" title='Temic' alt=''  itemprop=\"thumbnailUrl\" srcset=\"https:\/\/www.treschl-architekten.de\/wp-content\/uploads\/2024\/02\/03_-Temic_01-scaled.jpg 2560w, https:\/\/www.treschl-architekten.de\/wp-content\/uploads\/2024\/02\/03_-Temic_01-300x188.jpg 300w, https:\/\/www.treschl-architekten.de\/wp-content\/uploads\/2024\/02\/03_-Temic_01-1030x644.jpg 1030w, https:\/\/www.treschl-architekten.de\/wp-content\/uploads\/2024\/02\/03_-Temic_01-768x480.jpg 768w, https:\/\/www.treschl-architekten.de\/wp-content\/uploads\/2024\/02\/03_-Temic_01-1536x960.jpg 1536w, https:\/\/www.treschl-architekten.de\/wp-content\/uploads\/2024\/02\/03_-Temic_01-2048x1280.jpg 2048w, https:\/\/www.treschl-architekten.de\/wp-content\/uploads\/2024\/02\/03_-Temic_01-1500x938.jpg 1500w, https:\/\/www.treschl-architekten.de\/wp-content\/uploads\/2024\/02\/03_-Temic_01-705x441.jpg 705w\" sizes=\"(max-width: 2560px) 100vw, 2560px\" \/><\/div><\/li><li  class='avia-slideshow-slide av-lt46jiag-4bfbd942007e628f0a49e84c63b77057__1  slide-2 slide-even'><div data-rel='slideshow-1' class='avia-slide-wrap '   ><img decoding=\"async\" fetchpriority=\"high\" class=\"wp-image-155 avia-img-lazy-loading-not-155\"  src=\"https:\/\/www.treschl-architekten.de\/wp-content\/uploads\/2024\/02\/03_-Temic_02.jpg\" width=\"2160\" height=\"2160\" title='Temic' alt=''  itemprop=\"thumbnailUrl\" srcset=\"https:\/\/www.treschl-architekten.de\/wp-content\/uploads\/2024\/02\/03_-Temic_02.jpg 2160w, https:\/\/www.treschl-architekten.de\/wp-content\/uploads\/2024\/02\/03_-Temic_02-300x300.jpg 300w, https:\/\/www.treschl-architekten.de\/wp-content\/uploads\/2024\/02\/03_-Temic_02-1030x1030.jpg 1030w, https:\/\/www.treschl-architekten.de\/wp-content\/uploads\/2024\/02\/03_-Temic_02-80x80.jpg 80w, https:\/\/www.treschl-architekten.de\/wp-content\/uploads\/2024\/02\/03_-Temic_02-768x768.jpg 768w, https:\/\/www.treschl-architekten.de\/wp-content\/uploads\/2024\/02\/03_-Temic_02-1536x1536.jpg 1536w, https:\/\/www.treschl-architekten.de\/wp-content\/uploads\/2024\/02\/03_-Temic_02-2048x2048.jpg 2048w, https:\/\/www.treschl-architekten.de\/wp-content\/uploads\/2024\/02\/03_-Temic_02-36x36.jpg 36w, https:\/\/www.treschl-architekten.de\/wp-content\/uploads\/2024\/02\/03_-Temic_02-180x180.jpg 180w, https:\/\/www.treschl-architekten.de\/wp-content\/uploads\/2024\/02\/03_-Temic_02-1500x1500.jpg 1500w, https:\/\/www.treschl-architekten.de\/wp-content\/uploads\/2024\/02\/03_-Temic_02-705x705.jpg 705w\" sizes=\"(max-width: 2160px) 100vw, 2160px\" \/><\/div><\/li><li  class='avia-slideshow-slide av-lt46jiag-4bfbd942007e628f0a49e84c63b77057__2  slide-3 slide-odd'><div data-rel='slideshow-1' class='avia-slide-wrap '   ><img decoding=\"async\" fetchpriority=\"high\" class=\"wp-image-156 avia-img-lazy-loading-not-156\"  src=\"https:\/\/www.treschl-architekten.de\/wp-content\/uploads\/2024\/02\/03_-Temic_03-scaled.jpg\" width=\"2560\" height=\"1440\" title='Temic' alt=''  itemprop=\"thumbnailUrl\" srcset=\"https:\/\/www.treschl-architekten.de\/wp-content\/uploads\/2024\/02\/03_-Temic_03-scaled.jpg 2560w, https:\/\/www.treschl-architekten.de\/wp-content\/uploads\/2024\/02\/03_-Temic_03-300x169.jpg 300w, https:\/\/www.treschl-architekten.de\/wp-content\/uploads\/2024\/02\/03_-Temic_03-1030x579.jpg 1030w, https:\/\/www.treschl-architekten.de\/wp-content\/uploads\/2024\/02\/03_-Temic_03-768x432.jpg 768w, https:\/\/www.treschl-architekten.de\/wp-content\/uploads\/2024\/02\/03_-Temic_03-1536x864.jpg 1536w, https:\/\/www.treschl-architekten.de\/wp-content\/uploads\/2024\/02\/03_-Temic_03-2048x1152.jpg 2048w, https:\/\/www.treschl-architekten.de\/wp-content\/uploads\/2024\/02\/03_-Temic_03-1500x844.jpg 1500w, https:\/\/www.treschl-architekten.de\/wp-content\/uploads\/2024\/02\/03_-Temic_03-705x397.jpg 705w\" sizes=\"(max-width: 2560px) 100vw, 2560px\" \/><\/div><\/li><li  class='avia-slideshow-slide av-lt46jiag-4bfbd942007e628f0a49e84c63b77057__3  slide-4 slide-even'><div data-rel='slideshow-1' class='avia-slide-wrap '   ><img decoding=\"async\" fetchpriority=\"high\" class=\"wp-image-157 avia-img-lazy-loading-not-157\"  src=\"https:\/\/www.treschl-architekten.de\/wp-content\/uploads\/2024\/02\/03_-Temic_04.jpg\" width=\"2160\" height=\"2160\" title='Temic' alt=''  itemprop=\"thumbnailUrl\" srcset=\"https:\/\/www.treschl-architekten.de\/wp-content\/uploads\/2024\/02\/03_-Temic_04.jpg 2160w, https:\/\/www.treschl-architekten.de\/wp-content\/uploads\/2024\/02\/03_-Temic_04-300x300.jpg 300w, https:\/\/www.treschl-architekten.de\/wp-content\/uploads\/2024\/02\/03_-Temic_04-1030x1030.jpg 1030w, https:\/\/www.treschl-architekten.de\/wp-content\/uploads\/2024\/02\/03_-Temic_04-80x80.jpg 80w, https:\/\/www.treschl-architekten.de\/wp-content\/uploads\/2024\/02\/03_-Temic_04-768x768.jpg 768w, https:\/\/www.treschl-architekten.de\/wp-content\/uploads\/2024\/02\/03_-Temic_04-1536x1536.jpg 1536w, https:\/\/www.treschl-architekten.de\/wp-content\/uploads\/2024\/02\/03_-Temic_04-2048x2048.jpg 2048w, https:\/\/www.treschl-architekten.de\/wp-content\/uploads\/2024\/02\/03_-Temic_04-36x36.jpg 36w, https:\/\/www.treschl-architekten.de\/wp-content\/uploads\/2024\/02\/03_-Temic_04-180x180.jpg 180w, https:\/\/www.treschl-architekten.de\/wp-content\/uploads\/2024\/02\/03_-Temic_04-1500x1500.jpg 1500w, https:\/\/www.treschl-architekten.de\/wp-content\/uploads\/2024\/02\/03_-Temic_04-705x705.jpg 705w\" sizes=\"(max-width: 2160px) 100vw, 2160px\" \/><\/div><\/li><li  class='avia-slideshow-slide av-lt46jiag-4bfbd942007e628f0a49e84c63b77057__4  slide-5 slide-odd'><div data-rel='slideshow-1' class='avia-slide-wrap '   ><img decoding=\"async\" fetchpriority=\"high\" class=\"wp-image-158 avia-img-lazy-loading-not-158\"  src=\"https:\/\/www.treschl-architekten.de\/wp-content\/uploads\/2024\/02\/03_-Temic_05-scaled.jpg\" width=\"2560\" height=\"1850\" title='Temic' alt=''  itemprop=\"thumbnailUrl\" srcset=\"https:\/\/www.treschl-architekten.de\/wp-content\/uploads\/2024\/02\/03_-Temic_05-scaled.jpg 2560w, https:\/\/www.treschl-architekten.de\/wp-content\/uploads\/2024\/02\/03_-Temic_05-300x217.jpg 300w, https:\/\/www.treschl-architekten.de\/wp-content\/uploads\/2024\/02\/03_-Temic_05-1030x744.jpg 1030w, https:\/\/www.treschl-architekten.de\/wp-content\/uploads\/2024\/02\/03_-Temic_05-768x555.jpg 768w, https:\/\/www.treschl-architekten.de\/wp-content\/uploads\/2024\/02\/03_-Temic_05-1536x1110.jpg 1536w, https:\/\/www.treschl-architekten.de\/wp-content\/uploads\/2024\/02\/03_-Temic_05-2048x1480.jpg 2048w, https:\/\/www.treschl-architekten.de\/wp-content\/uploads\/2024\/02\/03_-Temic_05-1500x1084.jpg 1500w, https:\/\/www.treschl-architekten.de\/wp-content\/uploads\/2024\/02\/03_-Temic_05-705x509.jpg 705w\" sizes=\"(max-width: 2560px) 100vw, 2560px\" \/><\/div><\/li><li  class='avia-slideshow-slide av-lt46jiag-4bfbd942007e628f0a49e84c63b77057__5  slide-6 slide-even'><div data-rel='slideshow-1' class='avia-slide-wrap '   ><img decoding=\"async\" fetchpriority=\"high\" class=\"wp-image-159 avia-img-lazy-loading-not-159\"  src=\"https:\/\/www.treschl-architekten.de\/wp-content\/uploads\/2024\/02\/03_-Temic_06.jpg\" width=\"2160\" height=\"2160\" title='Temic' alt=''  itemprop=\"thumbnailUrl\" srcset=\"https:\/\/www.treschl-architekten.de\/wp-content\/uploads\/2024\/02\/03_-Temic_06.jpg 2160w, https:\/\/www.treschl-architekten.de\/wp-content\/uploads\/2024\/02\/03_-Temic_06-300x300.jpg 300w, https:\/\/www.treschl-architekten.de\/wp-content\/uploads\/2024\/02\/03_-Temic_06-1030x1030.jpg 1030w, https:\/\/www.treschl-architekten.de\/wp-content\/uploads\/2024\/02\/03_-Temic_06-80x80.jpg 80w, https:\/\/www.treschl-architekten.de\/wp-content\/uploads\/2024\/02\/03_-Temic_06-768x768.jpg 768w, https:\/\/www.treschl-architekten.de\/wp-content\/uploads\/2024\/02\/03_-Temic_06-1536x1536.jpg 1536w, https:\/\/www.treschl-architekten.de\/wp-content\/uploads\/2024\/02\/03_-Temic_06-2048x2048.jpg 2048w, https:\/\/www.treschl-architekten.de\/wp-content\/uploads\/2024\/02\/03_-Temic_06-36x36.jpg 36w, https:\/\/www.treschl-architekten.de\/wp-content\/uploads\/2024\/02\/03_-Temic_06-180x180.jpg 180w, https:\/\/www.treschl-architekten.de\/wp-content\/uploads\/2024\/02\/03_-Temic_06-1500x1500.jpg 1500w, https:\/\/www.treschl-architekten.de\/wp-content\/uploads\/2024\/02\/03_-Temic_06-705x705.jpg 705w\" sizes=\"(max-width: 2160px) 100vw, 2160px\" \/><\/div><\/li><li  class='avia-slideshow-slide av-lt46jiag-4bfbd942007e628f0a49e84c63b77057__6  slide-7 slide-odd'><div data-rel='slideshow-1' class='avia-slide-wrap '   ><img decoding=\"async\" fetchpriority=\"high\" class=\"wp-image-160 avia-img-lazy-loading-not-160\"  src=\"https:\/\/www.treschl-architekten.de\/wp-content\/uploads\/2024\/02\/03_-Temic_07.jpg\" width=\"2160\" height=\"2155\" title='Temic' alt=''  itemprop=\"thumbnailUrl\" srcset=\"https:\/\/www.treschl-architekten.de\/wp-content\/uploads\/2024\/02\/03_-Temic_07.jpg 2160w, https:\/\/www.treschl-architekten.de\/wp-content\/uploads\/2024\/02\/03_-Temic_07-300x300.jpg 300w, https:\/\/www.treschl-architekten.de\/wp-content\/uploads\/2024\/02\/03_-Temic_07-1030x1028.jpg 1030w, https:\/\/www.treschl-architekten.de\/wp-content\/uploads\/2024\/02\/03_-Temic_07-80x80.jpg 80w, https:\/\/www.treschl-architekten.de\/wp-content\/uploads\/2024\/02\/03_-Temic_07-768x766.jpg 768w, https:\/\/www.treschl-architekten.de\/wp-content\/uploads\/2024\/02\/03_-Temic_07-1536x1532.jpg 1536w, https:\/\/www.treschl-architekten.de\/wp-content\/uploads\/2024\/02\/03_-Temic_07-2048x2043.jpg 2048w, https:\/\/www.treschl-architekten.de\/wp-content\/uploads\/2024\/02\/03_-Temic_07-36x36.jpg 36w, https:\/\/www.treschl-architekten.de\/wp-content\/uploads\/2024\/02\/03_-Temic_07-180x180.jpg 180w, https:\/\/www.treschl-architekten.de\/wp-content\/uploads\/2024\/02\/03_-Temic_07-1500x1497.jpg 1500w, https:\/\/www.treschl-architekten.de\/wp-content\/uploads\/2024\/02\/03_-Temic_07-705x703.jpg 705w\" sizes=\"(max-width: 2160px) 100vw, 2160px\" \/><\/div><\/li><li  class='avia-slideshow-slide av-lt46jiag-4bfbd942007e628f0a49e84c63b77057__7  slide-8 slide-even'><div data-rel='slideshow-1' class='avia-slide-wrap '   ><img decoding=\"async\" fetchpriority=\"high\" class=\"wp-image-161 avia-img-lazy-loading-not-161\"  src=\"https:\/\/www.treschl-architekten.de\/wp-content\/uploads\/2024\/02\/03_-Temic_08.jpg\" width=\"2160\" height=\"2160\" title='Temic' alt=''  itemprop=\"thumbnailUrl\" srcset=\"https:\/\/www.treschl-architekten.de\/wp-content\/uploads\/2024\/02\/03_-Temic_08.jpg 2160w, https:\/\/www.treschl-architekten.de\/wp-content\/uploads\/2024\/02\/03_-Temic_08-300x300.jpg 300w, https:\/\/www.treschl-architekten.de\/wp-content\/uploads\/2024\/02\/03_-Temic_08-1030x1030.jpg 1030w, https:\/\/www.treschl-architekten.de\/wp-content\/uploads\/2024\/02\/03_-Temic_08-80x80.jpg 80w, https:\/\/www.treschl-architekten.de\/wp-content\/uploads\/2024\/02\/03_-Temic_08-768x768.jpg 768w, https:\/\/www.treschl-architekten.de\/wp-content\/uploads\/2024\/02\/03_-Temic_08-1536x1536.jpg 1536w, https:\/\/www.treschl-architekten.de\/wp-content\/uploads\/2024\/02\/03_-Temic_08-2048x2048.jpg 2048w, https:\/\/www.treschl-architekten.de\/wp-content\/uploads\/2024\/02\/03_-Temic_08-36x36.jpg 36w, https:\/\/www.treschl-architekten.de\/wp-content\/uploads\/2024\/02\/03_-Temic_08-180x180.jpg 180w, https:\/\/www.treschl-architekten.de\/wp-content\/uploads\/2024\/02\/03_-Temic_08-1500x1500.jpg 1500w, https:\/\/www.treschl-architekten.de\/wp-content\/uploads\/2024\/02\/03_-Temic_08-705x705.jpg 705w\" sizes=\"(max-width: 2160px) 100vw, 2160px\" \/><\/div><\/li><li  class='avia-slideshow-slide av-lt46jiag-4bfbd942007e628f0a49e84c63b77057__8  slide-9 slide-odd'><div data-rel='slideshow-1' class='avia-slide-wrap '   ><img decoding=\"async\" fetchpriority=\"high\" class=\"wp-image-162 avia-img-lazy-loading-not-162\"  src=\"https:\/\/www.treschl-architekten.de\/wp-content\/uploads\/2024\/02\/03_-Temic_09.jpg\" width=\"2160\" height=\"2160\" title='Temic' alt=''  itemprop=\"thumbnailUrl\" srcset=\"https:\/\/www.treschl-architekten.de\/wp-content\/uploads\/2024\/02\/03_-Temic_09.jpg 2160w, https:\/\/www.treschl-architekten.de\/wp-content\/uploads\/2024\/02\/03_-Temic_09-300x300.jpg 300w, https:\/\/www.treschl-architekten.de\/wp-content\/uploads\/2024\/02\/03_-Temic_09-1030x1030.jpg 1030w, https:\/\/www.treschl-architekten.de\/wp-content\/uploads\/2024\/02\/03_-Temic_09-80x80.jpg 80w, https:\/\/www.treschl-architekten.de\/wp-content\/uploads\/2024\/02\/03_-Temic_09-768x768.jpg 768w, https:\/\/www.treschl-architekten.de\/wp-content\/uploads\/2024\/02\/03_-Temic_09-1536x1536.jpg 1536w, https:\/\/www.treschl-architekten.de\/wp-content\/uploads\/2024\/02\/03_-Temic_09-2048x2048.jpg 2048w, https:\/\/www.treschl-architekten.de\/wp-content\/uploads\/2024\/02\/03_-Temic_09-36x36.jpg 36w, https:\/\/www.treschl-architekten.de\/wp-content\/uploads\/2024\/02\/03_-Temic_09-180x180.jpg 180w, https:\/\/www.treschl-architekten.de\/wp-content\/uploads\/2024\/02\/03_-Temic_09-1500x1500.jpg 1500w, https:\/\/www.treschl-architekten.de\/wp-content\/uploads\/2024\/02\/03_-Temic_09-705x705.jpg 705w\" sizes=\"(max-width: 2160px) 100vw, 2160px\" \/><\/div><\/li><li  class='avia-slideshow-slide av-lt46jiag-4bfbd942007e628f0a49e84c63b77057__9  slide-10 slide-even'><div data-rel='slideshow-1' class='avia-slide-wrap '   ><img decoding=\"async\" fetchpriority=\"high\" class=\"wp-image-163 avia-img-lazy-loading-not-163\"  src=\"https:\/\/www.treschl-architekten.de\/wp-content\/uploads\/2024\/02\/03_-Temic_10.jpg\" width=\"2160\" height=\"2160\" title='Temic' alt=''  itemprop=\"thumbnailUrl\" srcset=\"https:\/\/www.treschl-architekten.de\/wp-content\/uploads\/2024\/02\/03_-Temic_10.jpg 2160w, https:\/\/www.treschl-architekten.de\/wp-content\/uploads\/2024\/02\/03_-Temic_10-300x300.jpg 300w, https:\/\/www.treschl-architekten.de\/wp-content\/uploads\/2024\/02\/03_-Temic_10-1030x1030.jpg 1030w, https:\/\/www.treschl-architekten.de\/wp-content\/uploads\/2024\/02\/03_-Temic_10-80x80.jpg 80w, https:\/\/www.treschl-architekten.de\/wp-content\/uploads\/2024\/02\/03_-Temic_10-768x768.jpg 768w, https:\/\/www.treschl-architekten.de\/wp-content\/uploads\/2024\/02\/03_-Temic_10-1536x1536.jpg 1536w, https:\/\/www.treschl-architekten.de\/wp-content\/uploads\/2024\/02\/03_-Temic_10-2048x2048.jpg 2048w, https:\/\/www.treschl-architekten.de\/wp-content\/uploads\/2024\/02\/03_-Temic_10-36x36.jpg 36w, https:\/\/www.treschl-architekten.de\/wp-content\/uploads\/2024\/02\/03_-Temic_10-180x180.jpg 180w, https:\/\/www.treschl-architekten.de\/wp-content\/uploads\/2024\/02\/03_-Temic_10-1500x1500.jpg 1500w, https:\/\/www.treschl-architekten.de\/wp-content\/uploads\/2024\/02\/03_-Temic_10-705x705.jpg 705w\" sizes=\"(max-width: 2160px) 100vw, 2160px\" \/><\/div><\/li><li  class='avia-slideshow-slide av-lt46jiag-4bfbd942007e628f0a49e84c63b77057__10  slide-11 slide-odd'><div data-rel='slideshow-1' class='avia-slide-wrap '   ><img decoding=\"async\" fetchpriority=\"high\" class=\"wp-image-164 avia-img-lazy-loading-not-164\"  src=\"https:\/\/www.treschl-architekten.de\/wp-content\/uploads\/2024\/02\/03_-Temic_11.jpg\" width=\"2160\" height=\"2160\" title='Temic' alt=''  itemprop=\"thumbnailUrl\" srcset=\"https:\/\/www.treschl-architekten.de\/wp-content\/uploads\/2024\/02\/03_-Temic_11.jpg 2160w, https:\/\/www.treschl-architekten.de\/wp-content\/uploads\/2024\/02\/03_-Temic_11-300x300.jpg 300w, https:\/\/www.treschl-architekten.de\/wp-content\/uploads\/2024\/02\/03_-Temic_11-1030x1030.jpg 1030w, https:\/\/www.treschl-architekten.de\/wp-content\/uploads\/2024\/02\/03_-Temic_11-80x80.jpg 80w, https:\/\/www.treschl-architekten.de\/wp-content\/uploads\/2024\/02\/03_-Temic_11-768x768.jpg 768w, https:\/\/www.treschl-architekten.de\/wp-content\/uploads\/2024\/02\/03_-Temic_11-1536x1536.jpg 1536w, https:\/\/www.treschl-architekten.de\/wp-content\/uploads\/2024\/02\/03_-Temic_11-2048x2048.jpg 2048w, https:\/\/www.treschl-architekten.de\/wp-content\/uploads\/2024\/02\/03_-Temic_11-36x36.jpg 36w, https:\/\/www.treschl-architekten.de\/wp-content\/uploads\/2024\/02\/03_-Temic_11-180x180.jpg 180w, https:\/\/www.treschl-architekten.de\/wp-content\/uploads\/2024\/02\/03_-Temic_11-1500x1500.jpg 1500w, https:\/\/www.treschl-architekten.de\/wp-content\/uploads\/2024\/02\/03_-Temic_11-705x705.jpg 705w\" sizes=\"(max-width: 2160px) 100vw, 2160px\" \/><\/div><\/li><li  class='avia-slideshow-slide av-lt46jiag-4bfbd942007e628f0a49e84c63b77057__11  slide-12 slide-even'><div data-rel='slideshow-1' class='avia-slide-wrap '   ><img decoding=\"async\" fetchpriority=\"high\" class=\"wp-image-165 avia-img-lazy-loading-not-165\"  src=\"https:\/\/www.treschl-architekten.de\/wp-content\/uploads\/2024\/02\/03_-Temic_12-scaled.jpg\" width=\"2560\" height=\"1680\" title='Temic' alt=''  itemprop=\"thumbnailUrl\" srcset=\"https:\/\/www.treschl-architekten.de\/wp-content\/uploads\/2024\/02\/03_-Temic_12-scaled.jpg 2560w, https:\/\/www.treschl-architekten.de\/wp-content\/uploads\/2024\/02\/03_-Temic_12-300x197.jpg 300w, https:\/\/www.treschl-architekten.de\/wp-content\/uploads\/2024\/02\/03_-Temic_12-1030x676.jpg 1030w, https:\/\/www.treschl-architekten.de\/wp-content\/uploads\/2024\/02\/03_-Temic_12-768x504.jpg 768w, https:\/\/www.treschl-architekten.de\/wp-content\/uploads\/2024\/02\/03_-Temic_12-1536x1008.jpg 1536w, https:\/\/www.treschl-architekten.de\/wp-content\/uploads\/2024\/02\/03_-Temic_12-2048x1344.jpg 2048w, https:\/\/www.treschl-architekten.de\/wp-content\/uploads\/2024\/02\/03_-Temic_12-1500x984.jpg 1500w, https:\/\/www.treschl-architekten.de\/wp-content\/uploads\/2024\/02\/03_-Temic_12-705x463.jpg 705w\" sizes=\"(max-width: 2560px) 100vw, 2560px\" \/><\/div><\/li><\/ul><div class='avia-slideshow-arrows avia-slideshow-controls' ><a href='#prev' class='prev-slide ' aria-hidden='true' data-av_icon='\ue87c' data-av_iconfont='entypo-fontello'  tabindex='-1'>Previous<\/a><a href='#next' class='next-slide ' aria-hidden='true' data-av_icon='\ue87d' data-av_iconfont='entypo-fontello'  tabindex='-1'>Next<\/a><\/div><\/div><\/div>\n<div  class='flex_column av-1o6z1-75c969122e90da6229626da40dded014 av_two_fifth  avia-builder-el-2  el_after_av_three_fifth  avia-builder-el-last  flex_column_div  '     ><section  class='av_textblock_section av-lt46js42-2f9848af420e2df292478dfc5d220dc4 '   itemscope=\"itemscope\" itemtype=\"https:\/\/schema.org\/CreativeWork\" ><div class='avia_textblock'  itemprop=\"text\" ><p style=\"text-align: center;\"><a href=\"https:\/\/www.treschl-architekten.de\/?page_id=395\">Information ausblenden<\/a><\/p>\n<h5 style=\"text-align: center;\">TEMIC Reinraumtechnik<\/h5>\n<\/div><\/section><br \/>\n\n<style type=\"text\/css\" data-created_by=\"avia_inline_auto\" id=\"style-css-av-q77h-60590dc0be825490b04e02cfd9fd8904\">\n#top .hr.hr-invisible.av-q77h-60590dc0be825490b04e02cfd9fd8904{\nheight:50px;\n}\n<\/style>\n<div  class='hr av-q77h-60590dc0be825490b04e02cfd9fd8904 hr-invisible  avia-builder-el-4  el_after_av_textblock  el_before_av_textblock '><span class='hr-inner '><span class=\"hr-inner-style\"><\/span><\/span><\/div><br \/>\n<section  class='av_textblock_section av-lt46k7kx-8e4a4a74907f9631b9348d82e8d64b2d '   itemscope=\"itemscope\" itemtype=\"https:\/\/schema.org\/CreativeWork\" ><div class='avia_textblock'  itemprop=\"text\" ><p>Das Produktions- und Verwaltungsgeb\u00e4ude der Firma Temic, heute Conti Temic<br \/>\nMicroelectronic GmbH, steht am Fu\u00dfe der Teck in Nabern.<br \/>\nF\u00fcr die Produktion und Entwicklung von elektronischen Komponenten und Systemen mu\u00dften Reinr\u00e4ume mit dazugeh\u00f6rigen Technik- und Nebenr\u00e4umen entwickelt werden.<br \/>\nFerner war ein B\u00fcrobereich f\u00fcr ca. 100 Mitarbeiter gefordert. Mit der Vorgabe, ein architektonisch pr\u00e4gnantes Geb\u00e4ude unter Einhaltung eines knappen<br \/>\nBauetats zu erstellen, wurde unser B\u00fcro von dem B\u00fcro Nixdorf Consult mit der Planung beauftragt.<br \/>\nAuf Grund der M\u00f6glichkeit, den Entwurf von der st\u00e4dtebaulichen Einf\u00fcgung bis hin zur innenarchitektonischen Ausstattung bestimmen zu k\u00f6nnen, wird das Geb\u00e4ude von seiner konzeptionellen Anlage bis hin zum ausgeformten Detail seinen hohen Anspr\u00fcchen gerecht.<\/p>\n<\/div><\/section><\/p><\/div>\n","protected":false},"excerpt":{"rendered":"","protected":false},"author":2,"featured_media":0,"parent":0,"menu_order":0,"comment_status":"closed","ping_status":"closed","template":"","meta":{"footnotes":""},"class_list":["post-397","page","type-page","status-publish","hentry"],"_links":{"self":[{"href":"https:\/\/www.treschl-architekten.de\/index.php?rest_route=\/wp\/v2\/pages\/397","targetHints":{"allow":["GET"]}}],"collection":[{"href":"https:\/\/www.treschl-architekten.de\/index.php?rest_route=\/wp\/v2\/pages"}],"about":[{"href":"https:\/\/www.treschl-architekten.de\/index.php?rest_route=\/wp\/v2\/types\/page"}],"author":[{"embeddable":true,"href":"https:\/\/www.treschl-architekten.de\/index.php?rest_route=\/wp\/v2\/users\/2"}],"replies":[{"embeddable":true,"href":"https:\/\/www.treschl-architekten.de\/index.php?rest_route=%2Fwp%2Fv2%2Fcomments&post=397"}],"version-history":[{"count":4,"href":"https:\/\/www.treschl-architekten.de\/index.php?rest_route=\/wp\/v2\/pages\/397\/revisions"}],"predecessor-version":[{"id":401,"href":"https:\/\/www.treschl-architekten.de\/index.php?rest_route=\/wp\/v2\/pages\/397\/revisions\/401"}],"wp:attachment":[{"href":"https:\/\/www.treschl-architekten.de\/index.php?rest_route=%2Fwp%2Fv2%2Fmedia&parent=397"}],"curies":[{"name":"wp","href":"https:\/\/api.w.org\/{rel}","templated":true}]}}