{"id":387,"date":"2024-02-27T10:10:31","date_gmt":"2024-02-27T09:10:31","guid":{"rendered":"https:\/\/www.treschl-architekten.de\/?page_id=387"},"modified":"2024-03-05T10:02:23","modified_gmt":"2024-03-05T09:02:23","slug":"02b-hafner","status":"publish","type":"page","link":"https:\/\/www.treschl-architekten.de\/?page_id=387","title":{"rendered":"02b Hafner"},"content":{"rendered":"<div  class='flex_column av-2vym3f-c8bf6860e20adcde393ca2599955fdf4 av_three_fifth  avia-builder-el-0  el_before_av_two_fifth  avia-builder-el-first  first flex_column_div  '     ><div  class='avia-slideshow av-lt45hppf-7b72080d67de764f888222837a364904 avia-slideshow-no scaling av_slideshow avia-slide-slider  avia-builder-el-1  avia-builder-el-no-sibling  av-slideshow-ui av-control-minimal av-control-minimal-dark av-no-slider-navigation av-slideshow-manual av-loop-once av-loop-manual-endless av-default-height-applied avia-slideshow-1' data-slideshow-options=\"{&quot;animation&quot;:&quot;slide&quot;,&quot;autoplay&quot;:false,&quot;loop_autoplay&quot;:&quot;once&quot;,&quot;interval&quot;:5,&quot;loop_manual&quot;:&quot;manual-endless&quot;,&quot;autoplay_stopper&quot;:false,&quot;noNavigation&quot;:false,&quot;bg_slider&quot;:false,&quot;keep_padding&quot;:false,&quot;hoverpause&quot;:false,&quot;show_slide_delay&quot;:0}\"  itemprop=\"image\" itemscope=\"itemscope\" itemtype=\"https:\/\/schema.org\/ImageObject\" ><ul class='avia-slideshow-inner ' style='padding-bottom: 100%;'><li  class='avia-slideshow-slide av-lt45hppf-7b72080d67de764f888222837a364904__0  slide-1 slide-odd'><div data-rel='slideshow-1' class='avia-slide-wrap '   ><img decoding=\"async\" fetchpriority=\"high\" class=\"wp-image-137 avia-img-lazy-loading-not-137\"  src=\"https:\/\/www.treschl-architekten.de\/wp-content\/uploads\/2024\/02\/02-HAFNER-Laengenmesstechnik02.jpg\" width=\"2160\" height=\"2160\" title='HAFNER L\u00e4ngenmesstechnik' alt=''  itemprop=\"thumbnailUrl\" srcset=\"https:\/\/www.treschl-architekten.de\/wp-content\/uploads\/2024\/02\/02-HAFNER-Laengenmesstechnik02.jpg 2160w, https:\/\/www.treschl-architekten.de\/wp-content\/uploads\/2024\/02\/02-HAFNER-Laengenmesstechnik02-300x300.jpg 300w, https:\/\/www.treschl-architekten.de\/wp-content\/uploads\/2024\/02\/02-HAFNER-Laengenmesstechnik02-1030x1030.jpg 1030w, https:\/\/www.treschl-architekten.de\/wp-content\/uploads\/2024\/02\/02-HAFNER-Laengenmesstechnik02-80x80.jpg 80w, https:\/\/www.treschl-architekten.de\/wp-content\/uploads\/2024\/02\/02-HAFNER-Laengenmesstechnik02-768x768.jpg 768w, https:\/\/www.treschl-architekten.de\/wp-content\/uploads\/2024\/02\/02-HAFNER-Laengenmesstechnik02-1536x1536.jpg 1536w, https:\/\/www.treschl-architekten.de\/wp-content\/uploads\/2024\/02\/02-HAFNER-Laengenmesstechnik02-2048x2048.jpg 2048w, https:\/\/www.treschl-architekten.de\/wp-content\/uploads\/2024\/02\/02-HAFNER-Laengenmesstechnik02-36x36.jpg 36w, https:\/\/www.treschl-architekten.de\/wp-content\/uploads\/2024\/02\/02-HAFNER-Laengenmesstechnik02-180x180.jpg 180w, https:\/\/www.treschl-architekten.de\/wp-content\/uploads\/2024\/02\/02-HAFNER-Laengenmesstechnik02-1500x1500.jpg 1500w, https:\/\/www.treschl-architekten.de\/wp-content\/uploads\/2024\/02\/02-HAFNER-Laengenmesstechnik02-705x705.jpg 705w\" sizes=\"(max-width: 2160px) 100vw, 2160px\" \/><\/div><\/li><li  class='avia-slideshow-slide av-lt45hppf-7b72080d67de764f888222837a364904__1  slide-2 slide-even'><div data-rel='slideshow-1' class='avia-slide-wrap '   ><img decoding=\"async\" fetchpriority=\"high\" class=\"wp-image-136 avia-img-lazy-loading-not-136\"  src=\"https:\/\/www.treschl-architekten.de\/wp-content\/uploads\/2024\/02\/02-HAFNER-Laengenmesstechnik01.jpg\" width=\"2160\" height=\"2160\" title='HAFNER L\u00e4ngenmesstechnik' alt=''  itemprop=\"thumbnailUrl\" srcset=\"https:\/\/www.treschl-architekten.de\/wp-content\/uploads\/2024\/02\/02-HAFNER-Laengenmesstechnik01.jpg 2160w, https:\/\/www.treschl-architekten.de\/wp-content\/uploads\/2024\/02\/02-HAFNER-Laengenmesstechnik01-300x300.jpg 300w, https:\/\/www.treschl-architekten.de\/wp-content\/uploads\/2024\/02\/02-HAFNER-Laengenmesstechnik01-1030x1030.jpg 1030w, https:\/\/www.treschl-architekten.de\/wp-content\/uploads\/2024\/02\/02-HAFNER-Laengenmesstechnik01-80x80.jpg 80w, https:\/\/www.treschl-architekten.de\/wp-content\/uploads\/2024\/02\/02-HAFNER-Laengenmesstechnik01-768x768.jpg 768w, https:\/\/www.treschl-architekten.de\/wp-content\/uploads\/2024\/02\/02-HAFNER-Laengenmesstechnik01-1536x1536.jpg 1536w, https:\/\/www.treschl-architekten.de\/wp-content\/uploads\/2024\/02\/02-HAFNER-Laengenmesstechnik01-2048x2048.jpg 2048w, https:\/\/www.treschl-architekten.de\/wp-content\/uploads\/2024\/02\/02-HAFNER-Laengenmesstechnik01-36x36.jpg 36w, https:\/\/www.treschl-architekten.de\/wp-content\/uploads\/2024\/02\/02-HAFNER-Laengenmesstechnik01-180x180.jpg 180w, https:\/\/www.treschl-architekten.de\/wp-content\/uploads\/2024\/02\/02-HAFNER-Laengenmesstechnik01-1500x1500.jpg 1500w, https:\/\/www.treschl-architekten.de\/wp-content\/uploads\/2024\/02\/02-HAFNER-Laengenmesstechnik01-705x705.jpg 705w\" sizes=\"(max-width: 2160px) 100vw, 2160px\" \/><\/div><\/li><li  class='avia-slideshow-slide av-lt45hppf-7b72080d67de764f888222837a364904__2  slide-3 slide-odd'><div data-rel='slideshow-1' class='avia-slide-wrap '   ><img decoding=\"async\" fetchpriority=\"high\" class=\"wp-image-138 avia-img-lazy-loading-not-138\"  src=\"https:\/\/www.treschl-architekten.de\/wp-content\/uploads\/2024\/02\/02-HAFNER-Laengenmesstechnik03.jpg\" width=\"2160\" height=\"2160\" title='HAFNER L\u00e4ngenmesstechnik' alt=''  itemprop=\"thumbnailUrl\" srcset=\"https:\/\/www.treschl-architekten.de\/wp-content\/uploads\/2024\/02\/02-HAFNER-Laengenmesstechnik03.jpg 2160w, https:\/\/www.treschl-architekten.de\/wp-content\/uploads\/2024\/02\/02-HAFNER-Laengenmesstechnik03-300x300.jpg 300w, https:\/\/www.treschl-architekten.de\/wp-content\/uploads\/2024\/02\/02-HAFNER-Laengenmesstechnik03-1030x1030.jpg 1030w, https:\/\/www.treschl-architekten.de\/wp-content\/uploads\/2024\/02\/02-HAFNER-Laengenmesstechnik03-80x80.jpg 80w, https:\/\/www.treschl-architekten.de\/wp-content\/uploads\/2024\/02\/02-HAFNER-Laengenmesstechnik03-768x768.jpg 768w, https:\/\/www.treschl-architekten.de\/wp-content\/uploads\/2024\/02\/02-HAFNER-Laengenmesstechnik03-1536x1536.jpg 1536w, https:\/\/www.treschl-architekten.de\/wp-content\/uploads\/2024\/02\/02-HAFNER-Laengenmesstechnik03-2048x2048.jpg 2048w, https:\/\/www.treschl-architekten.de\/wp-content\/uploads\/2024\/02\/02-HAFNER-Laengenmesstechnik03-36x36.jpg 36w, https:\/\/www.treschl-architekten.de\/wp-content\/uploads\/2024\/02\/02-HAFNER-Laengenmesstechnik03-180x180.jpg 180w, https:\/\/www.treschl-architekten.de\/wp-content\/uploads\/2024\/02\/02-HAFNER-Laengenmesstechnik03-1500x1500.jpg 1500w, https:\/\/www.treschl-architekten.de\/wp-content\/uploads\/2024\/02\/02-HAFNER-Laengenmesstechnik03-705x705.jpg 705w\" sizes=\"(max-width: 2160px) 100vw, 2160px\" \/><\/div><\/li><li  class='avia-slideshow-slide av-lt45hppf-7b72080d67de764f888222837a364904__3  slide-4 slide-even'><div data-rel='slideshow-1' class='avia-slide-wrap '   ><img decoding=\"async\" fetchpriority=\"high\" class=\"wp-image-139 avia-img-lazy-loading-not-139\"  src=\"https:\/\/www.treschl-architekten.de\/wp-content\/uploads\/2024\/02\/02-HAFNER-Laengenmesstechnik04.jpg\" width=\"2160\" height=\"2160\" title='HAFNER L\u00e4ngenmesstechnik' alt=''  itemprop=\"thumbnailUrl\" srcset=\"https:\/\/www.treschl-architekten.de\/wp-content\/uploads\/2024\/02\/02-HAFNER-Laengenmesstechnik04.jpg 2160w, https:\/\/www.treschl-architekten.de\/wp-content\/uploads\/2024\/02\/02-HAFNER-Laengenmesstechnik04-300x300.jpg 300w, https:\/\/www.treschl-architekten.de\/wp-content\/uploads\/2024\/02\/02-HAFNER-Laengenmesstechnik04-1030x1030.jpg 1030w, https:\/\/www.treschl-architekten.de\/wp-content\/uploads\/2024\/02\/02-HAFNER-Laengenmesstechnik04-80x80.jpg 80w, https:\/\/www.treschl-architekten.de\/wp-content\/uploads\/2024\/02\/02-HAFNER-Laengenmesstechnik04-768x768.jpg 768w, https:\/\/www.treschl-architekten.de\/wp-content\/uploads\/2024\/02\/02-HAFNER-Laengenmesstechnik04-1536x1536.jpg 1536w, https:\/\/www.treschl-architekten.de\/wp-content\/uploads\/2024\/02\/02-HAFNER-Laengenmesstechnik04-2048x2048.jpg 2048w, https:\/\/www.treschl-architekten.de\/wp-content\/uploads\/2024\/02\/02-HAFNER-Laengenmesstechnik04-36x36.jpg 36w, https:\/\/www.treschl-architekten.de\/wp-content\/uploads\/2024\/02\/02-HAFNER-Laengenmesstechnik04-180x180.jpg 180w, https:\/\/www.treschl-architekten.de\/wp-content\/uploads\/2024\/02\/02-HAFNER-Laengenmesstechnik04-1500x1500.jpg 1500w, https:\/\/www.treschl-architekten.de\/wp-content\/uploads\/2024\/02\/02-HAFNER-Laengenmesstechnik04-705x705.jpg 705w\" sizes=\"(max-width: 2160px) 100vw, 2160px\" \/><\/div><\/li><li  class='avia-slideshow-slide av-lt45hppf-7b72080d67de764f888222837a364904__4  slide-5 slide-odd'><div data-rel='slideshow-1' class='avia-slide-wrap '   ><img decoding=\"async\" fetchpriority=\"high\" class=\"wp-image-140 avia-img-lazy-loading-not-140\"  src=\"https:\/\/www.treschl-architekten.de\/wp-content\/uploads\/2024\/02\/02-HAFNER-Laengenmesstechnik05.jpg\" width=\"2160\" height=\"2160\" title='HAFNER L\u00e4ngenmesstechnik' alt=''  itemprop=\"thumbnailUrl\" srcset=\"https:\/\/www.treschl-architekten.de\/wp-content\/uploads\/2024\/02\/02-HAFNER-Laengenmesstechnik05.jpg 2160w, https:\/\/www.treschl-architekten.de\/wp-content\/uploads\/2024\/02\/02-HAFNER-Laengenmesstechnik05-300x300.jpg 300w, https:\/\/www.treschl-architekten.de\/wp-content\/uploads\/2024\/02\/02-HAFNER-Laengenmesstechnik05-1030x1030.jpg 1030w, https:\/\/www.treschl-architekten.de\/wp-content\/uploads\/2024\/02\/02-HAFNER-Laengenmesstechnik05-80x80.jpg 80w, https:\/\/www.treschl-architekten.de\/wp-content\/uploads\/2024\/02\/02-HAFNER-Laengenmesstechnik05-768x768.jpg 768w, https:\/\/www.treschl-architekten.de\/wp-content\/uploads\/2024\/02\/02-HAFNER-Laengenmesstechnik05-1536x1536.jpg 1536w, https:\/\/www.treschl-architekten.de\/wp-content\/uploads\/2024\/02\/02-HAFNER-Laengenmesstechnik05-2048x2048.jpg 2048w, https:\/\/www.treschl-architekten.de\/wp-content\/uploads\/2024\/02\/02-HAFNER-Laengenmesstechnik05-36x36.jpg 36w, https:\/\/www.treschl-architekten.de\/wp-content\/uploads\/2024\/02\/02-HAFNER-Laengenmesstechnik05-180x180.jpg 180w, https:\/\/www.treschl-architekten.de\/wp-content\/uploads\/2024\/02\/02-HAFNER-Laengenmesstechnik05-1500x1500.jpg 1500w, https:\/\/www.treschl-architekten.de\/wp-content\/uploads\/2024\/02\/02-HAFNER-Laengenmesstechnik05-705x705.jpg 705w\" sizes=\"(max-width: 2160px) 100vw, 2160px\" \/><\/div><\/li><li  class='avia-slideshow-slide av-lt45hppf-7b72080d67de764f888222837a364904__5  slide-6 slide-even'><div data-rel='slideshow-1' class='avia-slide-wrap '   ><img decoding=\"async\" fetchpriority=\"high\" class=\"wp-image-141 avia-img-lazy-loading-not-141\"  src=\"https:\/\/www.treschl-architekten.de\/wp-content\/uploads\/2024\/02\/02-HAFNER-Laengenmesstechnik06.jpg\" width=\"2160\" height=\"2160\" title='HAFNER L\u00e4ngenmesstechnik' alt=''  itemprop=\"thumbnailUrl\" srcset=\"https:\/\/www.treschl-architekten.de\/wp-content\/uploads\/2024\/02\/02-HAFNER-Laengenmesstechnik06.jpg 2160w, https:\/\/www.treschl-architekten.de\/wp-content\/uploads\/2024\/02\/02-HAFNER-Laengenmesstechnik06-300x300.jpg 300w, https:\/\/www.treschl-architekten.de\/wp-content\/uploads\/2024\/02\/02-HAFNER-Laengenmesstechnik06-1030x1030.jpg 1030w, https:\/\/www.treschl-architekten.de\/wp-content\/uploads\/2024\/02\/02-HAFNER-Laengenmesstechnik06-80x80.jpg 80w, https:\/\/www.treschl-architekten.de\/wp-content\/uploads\/2024\/02\/02-HAFNER-Laengenmesstechnik06-768x768.jpg 768w, https:\/\/www.treschl-architekten.de\/wp-content\/uploads\/2024\/02\/02-HAFNER-Laengenmesstechnik06-1536x1536.jpg 1536w, https:\/\/www.treschl-architekten.de\/wp-content\/uploads\/2024\/02\/02-HAFNER-Laengenmesstechnik06-2048x2048.jpg 2048w, https:\/\/www.treschl-architekten.de\/wp-content\/uploads\/2024\/02\/02-HAFNER-Laengenmesstechnik06-36x36.jpg 36w, https:\/\/www.treschl-architekten.de\/wp-content\/uploads\/2024\/02\/02-HAFNER-Laengenmesstechnik06-180x180.jpg 180w, https:\/\/www.treschl-architekten.de\/wp-content\/uploads\/2024\/02\/02-HAFNER-Laengenmesstechnik06-1500x1500.jpg 1500w, https:\/\/www.treschl-architekten.de\/wp-content\/uploads\/2024\/02\/02-HAFNER-Laengenmesstechnik06-705x705.jpg 705w\" sizes=\"(max-width: 2160px) 100vw, 2160px\" \/><\/div><\/li><li  class='avia-slideshow-slide av-lt45hppf-7b72080d67de764f888222837a364904__6  slide-7 slide-odd'><div data-rel='slideshow-1' class='avia-slide-wrap '   ><img decoding=\"async\" fetchpriority=\"high\" class=\"wp-image-142 avia-img-lazy-loading-not-142\"  src=\"https:\/\/www.treschl-architekten.de\/wp-content\/uploads\/2024\/02\/02-HAFNER-Laengenmesstechnik07.jpg\" width=\"2160\" height=\"2160\" title='HAFNER L\u00e4ngenmesstechnik' alt=''  itemprop=\"thumbnailUrl\" srcset=\"https:\/\/www.treschl-architekten.de\/wp-content\/uploads\/2024\/02\/02-HAFNER-Laengenmesstechnik07.jpg 2160w, https:\/\/www.treschl-architekten.de\/wp-content\/uploads\/2024\/02\/02-HAFNER-Laengenmesstechnik07-300x300.jpg 300w, https:\/\/www.treschl-architekten.de\/wp-content\/uploads\/2024\/02\/02-HAFNER-Laengenmesstechnik07-1030x1030.jpg 1030w, https:\/\/www.treschl-architekten.de\/wp-content\/uploads\/2024\/02\/02-HAFNER-Laengenmesstechnik07-80x80.jpg 80w, https:\/\/www.treschl-architekten.de\/wp-content\/uploads\/2024\/02\/02-HAFNER-Laengenmesstechnik07-768x768.jpg 768w, https:\/\/www.treschl-architekten.de\/wp-content\/uploads\/2024\/02\/02-HAFNER-Laengenmesstechnik07-1536x1536.jpg 1536w, https:\/\/www.treschl-architekten.de\/wp-content\/uploads\/2024\/02\/02-HAFNER-Laengenmesstechnik07-2048x2048.jpg 2048w, https:\/\/www.treschl-architekten.de\/wp-content\/uploads\/2024\/02\/02-HAFNER-Laengenmesstechnik07-36x36.jpg 36w, https:\/\/www.treschl-architekten.de\/wp-content\/uploads\/2024\/02\/02-HAFNER-Laengenmesstechnik07-180x180.jpg 180w, https:\/\/www.treschl-architekten.de\/wp-content\/uploads\/2024\/02\/02-HAFNER-Laengenmesstechnik07-1500x1500.jpg 1500w, https:\/\/www.treschl-architekten.de\/wp-content\/uploads\/2024\/02\/02-HAFNER-Laengenmesstechnik07-705x705.jpg 705w\" sizes=\"(max-width: 2160px) 100vw, 2160px\" \/><\/div><\/li><li  class='avia-slideshow-slide av-lt45hppf-7b72080d67de764f888222837a364904__7  slide-8 slide-even'><div data-rel='slideshow-1' class='avia-slide-wrap '   ><img decoding=\"async\" fetchpriority=\"high\" class=\"wp-image-143 avia-img-lazy-loading-not-143\"  src=\"https:\/\/www.treschl-architekten.de\/wp-content\/uploads\/2024\/02\/02-HAFNER-Laengenmesstechnik08.jpg\" width=\"2160\" height=\"2160\" title='HAFNER L\u00e4ngenmesstechnik' alt=''  itemprop=\"thumbnailUrl\" srcset=\"https:\/\/www.treschl-architekten.de\/wp-content\/uploads\/2024\/02\/02-HAFNER-Laengenmesstechnik08.jpg 2160w, https:\/\/www.treschl-architekten.de\/wp-content\/uploads\/2024\/02\/02-HAFNER-Laengenmesstechnik08-300x300.jpg 300w, https:\/\/www.treschl-architekten.de\/wp-content\/uploads\/2024\/02\/02-HAFNER-Laengenmesstechnik08-1030x1030.jpg 1030w, https:\/\/www.treschl-architekten.de\/wp-content\/uploads\/2024\/02\/02-HAFNER-Laengenmesstechnik08-80x80.jpg 80w, https:\/\/www.treschl-architekten.de\/wp-content\/uploads\/2024\/02\/02-HAFNER-Laengenmesstechnik08-768x768.jpg 768w, https:\/\/www.treschl-architekten.de\/wp-content\/uploads\/2024\/02\/02-HAFNER-Laengenmesstechnik08-1536x1536.jpg 1536w, https:\/\/www.treschl-architekten.de\/wp-content\/uploads\/2024\/02\/02-HAFNER-Laengenmesstechnik08-2048x2048.jpg 2048w, https:\/\/www.treschl-architekten.de\/wp-content\/uploads\/2024\/02\/02-HAFNER-Laengenmesstechnik08-36x36.jpg 36w, https:\/\/www.treschl-architekten.de\/wp-content\/uploads\/2024\/02\/02-HAFNER-Laengenmesstechnik08-180x180.jpg 180w, https:\/\/www.treschl-architekten.de\/wp-content\/uploads\/2024\/02\/02-HAFNER-Laengenmesstechnik08-1500x1500.jpg 1500w, https:\/\/www.treschl-architekten.de\/wp-content\/uploads\/2024\/02\/02-HAFNER-Laengenmesstechnik08-705x705.jpg 705w\" sizes=\"(max-width: 2160px) 100vw, 2160px\" \/><\/div><\/li><li  class='avia-slideshow-slide av-lt45hppf-7b72080d67de764f888222837a364904__8  slide-9 slide-odd'><div data-rel='slideshow-1' class='avia-slide-wrap '   ><img decoding=\"async\" fetchpriority=\"high\" class=\"wp-image-144 avia-img-lazy-loading-not-144\"  src=\"https:\/\/www.treschl-architekten.de\/wp-content\/uploads\/2024\/02\/02-HAFNER-Laengenmesstechnik09-scaled.jpg\" width=\"2560\" height=\"2560\" title='HAFNER L\u00e4ngenmesstechnik' alt=''  itemprop=\"thumbnailUrl\" srcset=\"https:\/\/www.treschl-architekten.de\/wp-content\/uploads\/2024\/02\/02-HAFNER-Laengenmesstechnik09-scaled.jpg 2560w, https:\/\/www.treschl-architekten.de\/wp-content\/uploads\/2024\/02\/02-HAFNER-Laengenmesstechnik09-300x300.jpg 300w, https:\/\/www.treschl-architekten.de\/wp-content\/uploads\/2024\/02\/02-HAFNER-Laengenmesstechnik09-1030x1030.jpg 1030w, https:\/\/www.treschl-architekten.de\/wp-content\/uploads\/2024\/02\/02-HAFNER-Laengenmesstechnik09-80x80.jpg 80w, https:\/\/www.treschl-architekten.de\/wp-content\/uploads\/2024\/02\/02-HAFNER-Laengenmesstechnik09-768x768.jpg 768w, https:\/\/www.treschl-architekten.de\/wp-content\/uploads\/2024\/02\/02-HAFNER-Laengenmesstechnik09-1536x1536.jpg 1536w, https:\/\/www.treschl-architekten.de\/wp-content\/uploads\/2024\/02\/02-HAFNER-Laengenmesstechnik09-2048x2048.jpg 2048w, https:\/\/www.treschl-architekten.de\/wp-content\/uploads\/2024\/02\/02-HAFNER-Laengenmesstechnik09-36x36.jpg 36w, https:\/\/www.treschl-architekten.de\/wp-content\/uploads\/2024\/02\/02-HAFNER-Laengenmesstechnik09-180x180.jpg 180w, https:\/\/www.treschl-architekten.de\/wp-content\/uploads\/2024\/02\/02-HAFNER-Laengenmesstechnik09-1500x1500.jpg 1500w, https:\/\/www.treschl-architekten.de\/wp-content\/uploads\/2024\/02\/02-HAFNER-Laengenmesstechnik09-705x705.jpg 705w\" sizes=\"(max-width: 2560px) 100vw, 2560px\" \/><\/div><\/li><li  class='avia-slideshow-slide av-lt45hppf-7b72080d67de764f888222837a364904__9  slide-10 slide-even'><div data-rel='slideshow-1' class='avia-slide-wrap '   ><img decoding=\"async\" fetchpriority=\"high\" class=\"wp-image-145 avia-img-lazy-loading-not-145\"  src=\"https:\/\/www.treschl-architekten.de\/wp-content\/uploads\/2024\/02\/02-HAFNER-Laengenmesstechnik10-scaled.jpg\" width=\"2560\" height=\"1700\" title='HAFNER L\u00e4ngenmesstechnik' alt=''  itemprop=\"thumbnailUrl\" srcset=\"https:\/\/www.treschl-architekten.de\/wp-content\/uploads\/2024\/02\/02-HAFNER-Laengenmesstechnik10-scaled.jpg 2560w, https:\/\/www.treschl-architekten.de\/wp-content\/uploads\/2024\/02\/02-HAFNER-Laengenmesstechnik10-300x199.jpg 300w, https:\/\/www.treschl-architekten.de\/wp-content\/uploads\/2024\/02\/02-HAFNER-Laengenmesstechnik10-1030x684.jpg 1030w, https:\/\/www.treschl-architekten.de\/wp-content\/uploads\/2024\/02\/02-HAFNER-Laengenmesstechnik10-768x510.jpg 768w, https:\/\/www.treschl-architekten.de\/wp-content\/uploads\/2024\/02\/02-HAFNER-Laengenmesstechnik10-1536x1020.jpg 1536w, https:\/\/www.treschl-architekten.de\/wp-content\/uploads\/2024\/02\/02-HAFNER-Laengenmesstechnik10-2048x1360.jpg 2048w, https:\/\/www.treschl-architekten.de\/wp-content\/uploads\/2024\/02\/02-HAFNER-Laengenmesstechnik10-1500x996.jpg 1500w, https:\/\/www.treschl-architekten.de\/wp-content\/uploads\/2024\/02\/02-HAFNER-Laengenmesstechnik10-705x468.jpg 705w\" sizes=\"(max-width: 2560px) 100vw, 2560px\" \/><\/div><\/li><li  class='avia-slideshow-slide av-lt45hppf-7b72080d67de764f888222837a364904__10  slide-11 slide-odd'><div data-rel='slideshow-1' class='avia-slide-wrap '   ><img decoding=\"async\" fetchpriority=\"high\" class=\"wp-image-146 avia-img-lazy-loading-not-146\"  src=\"https:\/\/www.treschl-architekten.de\/wp-content\/uploads\/2024\/02\/02-HAFNER-Laengenmesstechnik11-scaled.jpg\" width=\"2560\" height=\"1707\" title='HAFNER L\u00e4ngenmesstechnik' alt=''  itemprop=\"thumbnailUrl\" srcset=\"https:\/\/www.treschl-architekten.de\/wp-content\/uploads\/2024\/02\/02-HAFNER-Laengenmesstechnik11-scaled.jpg 2560w, https:\/\/www.treschl-architekten.de\/wp-content\/uploads\/2024\/02\/02-HAFNER-Laengenmesstechnik11-300x200.jpg 300w, https:\/\/www.treschl-architekten.de\/wp-content\/uploads\/2024\/02\/02-HAFNER-Laengenmesstechnik11-1030x687.jpg 1030w, https:\/\/www.treschl-architekten.de\/wp-content\/uploads\/2024\/02\/02-HAFNER-Laengenmesstechnik11-768x512.jpg 768w, https:\/\/www.treschl-architekten.de\/wp-content\/uploads\/2024\/02\/02-HAFNER-Laengenmesstechnik11-1536x1024.jpg 1536w, https:\/\/www.treschl-architekten.de\/wp-content\/uploads\/2024\/02\/02-HAFNER-Laengenmesstechnik11-2048x1365.jpg 2048w, https:\/\/www.treschl-architekten.de\/wp-content\/uploads\/2024\/02\/02-HAFNER-Laengenmesstechnik11-1500x1000.jpg 1500w, https:\/\/www.treschl-architekten.de\/wp-content\/uploads\/2024\/02\/02-HAFNER-Laengenmesstechnik11-705x470.jpg 705w\" sizes=\"(max-width: 2560px) 100vw, 2560px\" \/><\/div><\/li><\/ul><div class='avia-slideshow-arrows avia-slideshow-controls' ><a href='#prev' class='prev-slide ' aria-hidden='true' data-av_icon='\ue87c' data-av_iconfont='entypo-fontello'  tabindex='-1'>Previous<\/a><a href='#next' class='next-slide ' aria-hidden='true' data-av_icon='\ue87d' data-av_iconfont='entypo-fontello'  tabindex='-1'>Next<\/a><\/div><\/div><\/div>\n<div  class='flex_column av-xol2r-cfcbb942728e55a4011fc358dfc5cbd8 av_two_fifth  avia-builder-el-2  el_after_av_three_fifth  avia-builder-el-last  flex_column_div  '     ><section  class='av_textblock_section av-lt45i36p-6945ef922daab58d4170e95bdc82ad84 '   itemscope=\"itemscope\" itemtype=\"https:\/\/schema.org\/CreativeWork\" ><div class='avia_textblock'  itemprop=\"text\" ><p style=\"text-align: center;\"><a href=\"https:\/\/www.treschl-architekten.de\/?page_id=72\">Information ausblenden<\/a><\/p>\n<h5 style=\"text-align: center;\">HAFNER L\u00e4ngenmesstechnik<\/h5>\n<\/div><\/section><br \/>\n\n<style type=\"text\/css\" data-created_by=\"avia_inline_auto\" id=\"style-css-av-q8pk3-c1fd07210c26986ffdd820e0b07a5575\">\n#top .hr.hr-invisible.av-q8pk3-c1fd07210c26986ffdd820e0b07a5575{\nheight:50px;\n}\n<\/style>\n<div  class='hr av-q8pk3-c1fd07210c26986ffdd820e0b07a5575 hr-invisible  avia-builder-el-4  el_after_av_textblock  el_before_av_textblock '><span class='hr-inner '><span class=\"hr-inner-style\"><\/span><\/span><\/div><br \/>\n<section  class='av_textblock_section av-lt45ip9l-f64d3fa23d56606fd5834657c7a101f2 '   itemscope=\"itemscope\" itemtype=\"https:\/\/schema.org\/CreativeWork\" ><div class='avia_textblock'  itemprop=\"text\" ><p>Um den gestiegenen Anspr\u00fcchen der Fa. Hafner gerecht zu werden, wurde das Firmengeb\u00e4ude aus den 60er Jahren komplett umgebaut und erweitert. Alle baulichen Ma\u00dfnahmen konnten bei laufendem Betrieb erfolgreich durchgef\u00fchrt werden. Das Geb\u00e4ude erhielt eine komplett neue Fassade, wodurch \u00fcber 30% Energiekosten und Emissionen reduziert werden konnten. Das neue Erscheinungsbild spiegelt den hohen Anspruch der Firma. Der Verwaltungsbereich wurde entkernt, alle Installationen auf den neuesten Stand gebracht und moderne Arbeitspl\u00e4tze geschaffen. Vom \u00e4u\u00dferen Erscheinungsbild bis hin zum M\u00f6belentwurf \u00a0konnte ein in sich schl\u00fcssiges Konzept entwickelt werden.<\/p>\n<\/div><\/section><\/p><\/div>\n","protected":false},"excerpt":{"rendered":"","protected":false},"author":2,"featured_media":0,"parent":0,"menu_order":0,"comment_status":"closed","ping_status":"closed","template":"","meta":{"footnotes":""},"class_list":["post-387","page","type-page","status-publish","hentry"],"_links":{"self":[{"href":"https:\/\/www.treschl-architekten.de\/index.php?rest_route=\/wp\/v2\/pages\/387","targetHints":{"allow":["GET"]}}],"collection":[{"href":"https:\/\/www.treschl-architekten.de\/index.php?rest_route=\/wp\/v2\/pages"}],"about":[{"href":"https:\/\/www.treschl-architekten.de\/index.php?rest_route=\/wp\/v2\/types\/page"}],"author":[{"embeddable":true,"href":"https:\/\/www.treschl-architekten.de\/index.php?rest_route=\/wp\/v2\/users\/2"}],"replies":[{"embeddable":true,"href":"https:\/\/www.treschl-architekten.de\/index.php?rest_route=%2Fwp%2Fv2%2Fcomments&post=387"}],"version-history":[{"count":5,"href":"https:\/\/www.treschl-architekten.de\/index.php?rest_route=\/wp\/v2\/pages\/387\/revisions"}],"predecessor-version":[{"id":535,"href":"https:\/\/www.treschl-architekten.de\/index.php?rest_route=\/wp\/v2\/pages\/387\/revisions\/535"}],"wp:attachment":[{"href":"https:\/\/www.treschl-architekten.de\/index.php?rest_route=%2Fwp%2Fv2%2Fmedia&parent=387"}],"curies":[{"name":"wp","href":"https:\/\/api.w.org\/{rel}","templated":true}]}}